{"id":944,"date":"2018-09-19T11:41:09","date_gmt":"2018-09-19T09:41:09","guid":{"rendered":"http:\/\/dunofilms.fr\/?page_id=944"},"modified":"2024-07-24T11:38:07","modified_gmt":"2024-07-24T09:38:07","slug":"la-petite-fille-et-le-pistolet","status":"publish","type":"page","link":"https:\/\/dunofilms.fr\/en\/la-petite-fille-et-le-pistolet\/","title":{"rendered":"What's Burning Us"},"content":{"rendered":"<div  data-label=\"Content\" data-id=\"content-image-left\" data-category=\"content\" class=\"content-left-image-section content-image-left\" id=\"content-3\" style=\"background-color: #ffffff;\">\n<div  class=\"gridContainer\">\n<div  class=\"row\">\n<div  class=\"content-left-image-imgcol\" data-type=\"column\"><img  decoding=\"async\" src=\"https:\/\/dunofilms.fr\/wp-content\/uploads\/2022\/07\/Capture-de\u0301cran-2016-07-11-a\u0300-17.18.48.png\" class=\"\" alt=\"\"><\/div>\n<div  class=\"content-left-image-textcol dynamic-color\" data-type=\"column\">\n<h4  class=\"\" style=\"text-align: center;\">1959, in Algeria, a French military operation breaks the friendship of two boys. Sixty years later, the shockwave is still spreading through the lives of their children in France. Le\u00efla, 30, learns when her mother dies that her biological father is still alive. Lamri, 24, Janus with a burned face, is released from prison. These two young French people will reconcile with their heritage, and take their independence, freeing themselves from the burning scars of the Algerian war.<\/h4>\n<p  class=\"\" style=\"text-align: center;\">Script : Sylvain Bolle-Reddat and Slimane Bounia<\/p>\n<p  class=\"\" style=\"text-align: center;\">Director : Slimane Bounia<\/p>\n<p  class=\"\" style=\"text-align: center;\">Financial partners: Writing Grant from Beaumarchais-SACD Association, Auvergne-Rh\u00f4ne-Alpes Cinema, National Cinema Center<\/p>\n<p  class=\"\" style=\"text-align: center;\">Pre-selection for the Cin\u00e9med Development Grant<\/p>\n\n<\/div>\n<\/div>\n<\/div>\n<\/div><div  data-label=\"Cta\" data-id=\"cta-centered-bg-section\" data-category=\"cta\" class=\"cta-centered-bg-section white-text\" data-parallax-depth=\"20\" id=\"cta-1\" style=\"background-color: rgb(246, 246, 246); background-image: url(&quot;https:\/\/dunofilms.fr\/wp-content\/uploads\/2024\/07\/cropped-RESONANCE-long-metrage-en-developpement-e1721297824674.png&quot;); background-size: cover; background-position: center top;\" data-ovid=\"ovid-cta-1-2494\">\n<div  class=\"gridContainer\">\n<div  class=\"cta-centered-bg-section-row\">\n<div  class=\"cta-centered-bg-section-row-2\">\n<div  class=\"cta-centered-bg-section-col dynamic-color\" data-type=\"column\">\n<h3  class=\"cta-centered-bg-section-title\"><span  class=\"cta-centered-bg-section-title-bold\" href=\"#\">Resonance&nbsp;<\/span>by Yordan Petkov<\/h3>\n<a class=\"button big transparent white-text\" href=\"https:\/\/dunofilms.fr\/en\/resonance\/\" target=\"_self\" data-icon=\"fa-arrow-right\" rel=\"noopener\"><span  class=\"button-icon fa fa-arrow-right\"><\/span> <\/a>\n\n<\/div>\n<\/div>\n<\/div>\n<\/div>\n<\/div>","protected":false},"excerpt":{"rendered":"<p>1959, en Alg\u00e9rie, une op\u00e9ration militaire fran\u00e7aise brise l\u2019amiti\u00e9 de deux gar\u00e7ons. Soixante ans plus tard, l\u2019onde de choc se propage encore dans la vie de leurs enfants en France. Le\u00efla, 30 ans, apprend \u00e0 la mort de sa m\u00e8re que son p\u00e8re biologique est toujours en vie. Lamri, 24 ans, Janus \u00e0 la face&hellip; <br \/> <a class=\"button small blue\" href=\"https:\/\/dunofilms.fr\/en\/de-plumes-et-de-plomb\/\">Read more<\/a><\/p>","protected":false},"author":1,"featured_media":0,"parent":0,"menu_order":0,"comment_status":"closed","ping_status":"closed","template":"full-width-page.php","meta":{"_crdt_document":"","footnotes":""},"class_list":["post-944","page","type-page","status-publish","hentry"],"_links":{"self":[{"href":"https:\/\/dunofilms.fr\/en\/wp-json\/wp\/v2\/pages\/944","targetHints":{"allow":["GET"]}}],"collection":[{"href":"https:\/\/dunofilms.fr\/en\/wp-json\/wp\/v2\/pages"}],"about":[{"href":"https:\/\/dunofilms.fr\/en\/wp-json\/wp\/v2\/types\/page"}],"author":[{"embeddable":true,"href":"https:\/\/dunofilms.fr\/en\/wp-json\/wp\/v2\/users\/1"}],"replies":[{"embeddable":true,"href":"https:\/\/dunofilms.fr\/en\/wp-json\/wp\/v2\/comments?post=944"}],"version-history":[{"count":41,"href":"https:\/\/dunofilms.fr\/en\/wp-json\/wp\/v2\/pages\/944\/revisions"}],"predecessor-version":[{"id":3686,"href":"https:\/\/dunofilms.fr\/en\/wp-json\/wp\/v2\/pages\/944\/revisions\/3686"}],"wp:attachment":[{"href":"https:\/\/dunofilms.fr\/en\/wp-json\/wp\/v2\/media?parent=944"}],"curies":[{"name":"wp","href":"https:\/\/api.w.org\/{rel}","templated":true}]}}