{"id":588,"date":"2018-09-14T11:58:04","date_gmt":"2018-09-14T09:58:04","guid":{"rendered":"http:\/\/dunofilms.fr\/?page_id=588"},"modified":"2024-07-25T09:59:47","modified_gmt":"2024-07-25T07:59:47","slug":"enzo-en-fanfare","status":"publish","type":"page","link":"https:\/\/dunofilms.fr\/en\/enzo-en-fanfare\/","title":{"rendered":"Enzo With a Fanfare"},"content":{"rendered":"<div  data-label=\"Content\" data-id=\"content-image-left\" data-category=\"content\" class=\"content-left-image-section content-image-left\" id=\"content-3\" style=\"background-color: #ffffff;\">\n<div  class=\"gridContainer\">\n<div  class=\"row\">\n<div  class=\"content-left-image-imgcol\" data-type=\"column\" style=\"text-align: center;\"><img  decoding=\"async\" src=\"https:\/\/dunofilms.fr\/wp-content\/uploads\/2022\/08\/Affiche-Enzo-en-fanfare_L300px.jpg\" class=\"\" alt=\"\"><\/div>\n<div  class=\"content-left-image-textcol dynamic-color\" data-type=\"column\">\n<p  class=\"large_text\" style=\"text-align: center;\"><span  style=\"color: #000000;\">Enzo's life begins \"on the hubcaps\". His parents were on their way to the maternity when his birth took place. A moonlit Pierrot, a sub-bassophone player in a brass band, appears at just the right moment to get his heart beating.<\/span><\/p>\n<p  class=\"\" style=\"text-align: center;\">Director : Slimane Bounia<\/p>\n<p  class=\"\" style=\"text-align: center;\">Script : Vincent Villemagne<\/p>\n<p  class=\"\" style=\"text-align: center;\">Cast : Marie Dalle, Laurent Dhume, Heiko Wilhem<\/p>\n<p  class=\"\" style=\"text-align: center;\">DOP : Nicolas Manson<\/p>\n\n<h5  class=\"\" style=\"text-align: center;\">2010<\/h5>\n<\/div>\n<\/div>\n<\/div>\n<\/div><div  data-label=\"Cta\" data-id=\"cta-centered-bg-section\" data-category=\"cta\" class=\"cta-centered-bg-section white-text\" data-parallax-depth=\"20\" id=\"cta-1\" style=\"background-color: rgb(246, 246, 246); background-image: url(&quot;https:\/\/dunofilms.fr\/wp-content\/uploads\/2024\/01\/cropped-cropped-IMG-20231026-WA0007.jpg&quot;); background-size: cover; background-position: center top;\" data-ovid=\"ovid-cta-1-2550\">\n<div  class=\"gridContainer\">\n<div  class=\"cta-centered-bg-section-row\">\n<div  class=\"cta-centered-bg-section-row-2\">\n<div  class=\"cta-centered-bg-section-col dynamic-color\" data-type=\"column\">\n<h3  class=\"cta-centered-bg-section-title\"><span  class=\"cta-centered-bg-section-title-bold\" href=\"#\">Black Powder in The Veins&nbsp;<\/span>by Joseph Couturier<\/h3>\n<a class=\"button big transparent white-text\" href=\"https:\/\/dunofilms.fr\/en\/de-la-poudre-noire-dans-les-veines\/\" target=\"_self\" data-icon=\"fa-arrow-right\" rel=\"noopener\"><span  class=\"button-icon fa fa-arrow-right\"><\/span> <\/a>\n\n<\/div>\n<\/div>\n<\/div>\n<\/div>\n<\/div>","protected":false},"excerpt":{"rendered":"<p>C\u2019est sur les chapeaux de roues que d\u00e9bute la vie d\u2019Enzo. L\u2019accouchement a lieu alors que ses parents \u00e9taient en route pour la maternit\u00e9. Un pierrot lunaire de hasard, joueur de sous-bassophone dans une fanfare, surgit \u00e0 point nomm\u00e9 pour faire battre son coeur. R\u00e9alisation : Slimane Bounia Sc\u00e9nario : Vincent Villemagne Casting : Marie&hellip; <br \/> <a class=\"button small blue\" href=\"https:\/\/dunofilms.fr\/en\/de-plumes-et-de-plomb\/\">Read more<\/a><\/p>","protected":false},"author":1,"featured_media":0,"parent":0,"menu_order":0,"comment_status":"closed","ping_status":"closed","template":"full-width-page.php","meta":{"_crdt_document":"","footnotes":""},"class_list":["post-588","page","type-page","status-publish","hentry"],"_links":{"self":[{"href":"https:\/\/dunofilms.fr\/en\/wp-json\/wp\/v2\/pages\/588","targetHints":{"allow":["GET"]}}],"collection":[{"href":"https:\/\/dunofilms.fr\/en\/wp-json\/wp\/v2\/pages"}],"about":[{"href":"https:\/\/dunofilms.fr\/en\/wp-json\/wp\/v2\/types\/page"}],"author":[{"embeddable":true,"href":"https:\/\/dunofilms.fr\/en\/wp-json\/wp\/v2\/users\/1"}],"replies":[{"embeddable":true,"href":"https:\/\/dunofilms.fr\/en\/wp-json\/wp\/v2\/comments?post=588"}],"version-history":[{"count":38,"href":"https:\/\/dunofilms.fr\/en\/wp-json\/wp\/v2\/pages\/588\/revisions"}],"predecessor-version":[{"id":3709,"href":"https:\/\/dunofilms.fr\/en\/wp-json\/wp\/v2\/pages\/588\/revisions\/3709"}],"wp:attachment":[{"href":"https:\/\/dunofilms.fr\/en\/wp-json\/wp\/v2\/media?parent=588"}],"curies":[{"name":"wp","href":"https:\/\/api.w.org\/{rel}","templated":true}]}}