{"id":581,"date":"2018-09-14T11:54:23","date_gmt":"2018-09-14T09:54:23","guid":{"rendered":"http:\/\/dunofilms.fr\/?page_id=581"},"modified":"2024-07-25T09:59:27","modified_gmt":"2024-07-25T07:59:27","slug":"jonathan-a-dit","status":"publish","type":"page","link":"https:\/\/dunofilms.fr\/en\/jonathan-a-dit\/","title":{"rendered":"Jonathan Has Said"},"content":{"rendered":"<div  data-label=\"Content\" data-id=\"content-image-left\" data-category=\"content\" class=\"content-left-image-section content-image-left\" id=\"content-3\" style=\"background-color: #ffffff;\">\n<div  class=\"gridContainer\">\n<div  class=\"row\">\n<div  class=\"content-left-image-imgcol\" data-type=\"column\"><img decoding=\"async\"  src=\"https:\/\/dunofilms.fr\/wp-content\/uploads\/2022\/08\/Affiche-Jonathan-a-dit_L300px.jpg\" class=\"\" alt=\"\"><\/div>\n<div  class=\"content-left-image-textcol dynamic-color\" data-type=\"column\">\n<p  class=\"large_text\" style=\"text-align: center;\"><span  style=\"color: #000000;\">On a small country road, in the middle of the night, a car breaks down. On board, Lucy, S\u00e9verine, Marco, Mehdi and Anthony are returning from a party. The joyful excitement of the evening quickly turns into a tense atmosphere, revealing everyone's frustrations and things left unsaid.<\/span><\/p>\n<p  class=\"\" style=\"text-align: center;\">Director : Slimane Bounia<\/p>\n<p  class=\"\" style=\"text-align: center;\">Script : Vincent Villemagne<\/p>\n<p  class=\"\" style=\"text-align: center;\">Cast : L\u00e9a Barbier, Pauline Rollet, Pierre-Hugo Propriol, Basil Lambert<\/p>\n<p  class=\"\" style=\"text-align: center;\">DOP : Nicolas Manson<\/p>\n\n<h5  class=\"\" style=\"text-align: center;\">2010<\/h5>\n<\/div>\n<\/div>\n<\/div>\n<\/div><div  data-label=\"Cta\" data-id=\"cta-centered-bg-section\" data-category=\"cta\" class=\"cta-centered-bg-section white-text\" data-parallax-depth=\"20\" id=\"cta-1\" style=\"background-color: #f6f6f6; background-image: url('https:\/\/dunofilms.fr\/wp-content\/uploads\/2018\/09\/cropped-Enzo-en-fanfare-328.png'); background-size: cover; background-position: center top;\" data-ovid=\"ovid-cta-1-2514\">\n<div  class=\"gridContainer\">\n<div  class=\"cta-centered-bg-section-row\">\n<div  class=\"cta-centered-bg-section-row-2\">\n<div  class=\"cta-centered-bg-section-col dynamic-color\" data-type=\"column\">\n<h3  class=\"cta-centered-bg-section-title\"><span  class=\"cta-centered-bg-section-title-bold\" href=\"#\">Enzo With a Fanfare&nbsp;<\/span>by Slimane Bounia &amp; Vincent Villemagne<\/h3>\n<a class=\"button big transparent white-text\" href=\"https:\/\/dunofilms.fr\/en\/enzo-en-fanfare\/\" target=\"_self\" data-icon=\"fa-arrow-right\" rel=\"noopener\"><span  class=\"button-icon fa fa-arrow-right\"><\/span> <\/a>\n\n<\/div>\n<\/div>\n<\/div>\n<\/div>\n<\/div>","protected":false},"excerpt":{"rendered":"<p>Sur une petite route de campagne, dans une nuit profonde, une voiture tombe en panne. \u00c0 son bord, Lucy, S\u00e9verine, Marco, Mehdi et Anthony reviennent de soir\u00e9e. L\u2019excitation joyeuse qui r\u00e9gnait jusqu\u2019alors c\u00e8de rapidement la place \u00e0 une ambiance tendue, r\u00e9v\u00e9latrice des non dits et des frustrations de chacun. R\u00e9alisation : Slimane Bounia Sc\u00e9nario :&hellip; <br \/> <a class=\"button small blue\" href=\"https:\/\/dunofilms.fr\/en\/de-plumes-et-de-plomb\/\">Read more<\/a><\/p>","protected":false},"author":1,"featured_media":0,"parent":0,"menu_order":0,"comment_status":"closed","ping_status":"closed","template":"full-width-page.php","meta":{"_crdt_document":"","footnotes":""},"class_list":["post-581","page","type-page","status-publish","hentry"],"_links":{"self":[{"href":"https:\/\/dunofilms.fr\/en\/wp-json\/wp\/v2\/pages\/581","targetHints":{"allow":["GET"]}}],"collection":[{"href":"https:\/\/dunofilms.fr\/en\/wp-json\/wp\/v2\/pages"}],"about":[{"href":"https:\/\/dunofilms.fr\/en\/wp-json\/wp\/v2\/types\/page"}],"author":[{"embeddable":true,"href":"https:\/\/dunofilms.fr\/en\/wp-json\/wp\/v2\/users\/1"}],"replies":[{"embeddable":true,"href":"https:\/\/dunofilms.fr\/en\/wp-json\/wp\/v2\/comments?post=581"}],"version-history":[{"count":30,"href":"https:\/\/dunofilms.fr\/en\/wp-json\/wp\/v2\/pages\/581\/revisions"}],"predecessor-version":[{"id":3707,"href":"https:\/\/dunofilms.fr\/en\/wp-json\/wp\/v2\/pages\/581\/revisions\/3707"}],"wp:attachment":[{"href":"https:\/\/dunofilms.fr\/en\/wp-json\/wp\/v2\/media?parent=581"}],"curies":[{"name":"wp","href":"https:\/\/api.w.org\/{rel}","templated":true}]}}