{"id":574,"date":"2018-09-14T11:49:18","date_gmt":"2018-09-14T09:49:18","guid":{"rendered":"http:\/\/dunofilms.fr\/?page_id=574"},"modified":"2024-07-25T09:59:04","modified_gmt":"2024-07-25T07:59:04","slug":"jeanine-saison-4","status":"publish","type":"page","link":"https:\/\/dunofilms.fr\/en\/jeanine-saison-4\/","title":{"rendered":"Jeanine Season 4"},"content":{"rendered":"<div  data-label=\"Content\" data-id=\"content-image-left\" data-category=\"content\" class=\"content-left-image-section content-image-left\" id=\"content-3\" style=\"background-color: #ffffff;\">\n<div  class=\"gridContainer\">\n<div  class=\"row\">\n<div  class=\"content-left-image-imgcol\" data-type=\"column\"><img decoding=\"async\"  src=\"https:\/\/dunofilms.fr\/wp-content\/uploads\/2022\/08\/03_jeanine-saison-4_L300px.jpg\" class=\"\" alt=\"\"><\/div>\n<div  class=\"content-left-image-textcol dynamic-color\" data-type=\"column\">\n<p  class=\"large_text\" style=\"text-align: center;\"><span  style=\"color: #000000;\">Jean Pierre's mother, Jeanine, has just had a stroke, plunging her son into inner conflict. It happens just at the time when Jean Pierre, after a difficult period, is beginning to rebuild his life.<\/span><\/p>\n<p  class=\"\" style=\"text-align: center;\">Director : Slimane Bounia<\/p>\n<p  class=\"\" style=\"text-align: center;\">Script : Vincent Villemagne<\/p>\n<p  class=\"\" style=\"text-align: center;\">Cast : Alain Blazquez, Luc Chambon, B\u00e9atrice Jeaningros<\/p>\n<p  class=\"\" style=\"text-align: center;\">DOP : Nicolas Manson<\/p>\n\n<h5  class=\"\" style=\"text-align: center;\">2010<\/h5>\n<\/div>\n<\/div>\n<\/div>\n<\/div><div  data-label=\"Cta\" data-id=\"cta-centered-bg-section\" data-category=\"cta\" class=\"cta-centered-bg-section white-text\" data-parallax-depth=\"20\" id=\"cta-1\" style=\"background-color: #f6f6f6; background-image: url('https:\/\/dunofilms.fr\/wp-content\/uploads\/2018\/09\/cropped-Jonathan-a-dit-514.png'); background-size: cover; background-position: center top;\" data-ovid=\"ovid-cta-1-2545\">\n<div  class=\"gridContainer\">\n<div  class=\"cta-centered-bg-section-row\">\n<div  class=\"cta-centered-bg-section-row-2\">\n<div  class=\"cta-centered-bg-section-col dynamic-color\" data-type=\"column\">\n<h3  class=\"cta-centered-bg-section-title\"><span  class=\"cta-centered-bg-section-title-bold\" href=\"#\">Jonathan Has Said&nbsp;<\/span>by Slimane Bounia &amp; Vincent Villemagne<\/h3>\n<a class=\"button big transparent white-text\" href=\"https:\/\/dunofilms.fr\/en\/jonathan-a-dit\/\" target=\"_self\" data-icon=\"fa-arrow-right\" rel=\"noopener\"><span  class=\"button-icon fa fa-arrow-right\"><\/span> <\/a>\n\n<\/div>\n<\/div>\n<\/div>\n<\/div>\n<\/div>","protected":false},"excerpt":{"rendered":"<p>La maman de Jean Pierre, Jeanine, vient d\u2019\u00eatre victime d\u2019un accident vasculaire c\u00e9r\u00e9bral, ce qui plonge son fils dans un conflit int\u00e9rieur. Cet \u00e9v\u00e8nement survient juste au moment o\u00f9 Jean Pierre, apr\u00e8s avoir travers\u00e9 une p\u00e9riode difficile, commence \u00e0 reconstruire sa vie. R\u00e9alisation : Slimane Bounia Sc\u00e9nario : Vincent Villemagne Casting : Alain Blazquez, Luc&hellip; <br \/> <a class=\"button small blue\" href=\"https:\/\/dunofilms.fr\/en\/de-plumes-et-de-plomb\/\">Read more<\/a><\/p>","protected":false},"author":1,"featured_media":0,"parent":0,"menu_order":0,"comment_status":"closed","ping_status":"closed","template":"full-width-page.php","meta":{"_crdt_document":"","footnotes":""},"class_list":["post-574","page","type-page","status-publish","hentry"],"_links":{"self":[{"href":"https:\/\/dunofilms.fr\/en\/wp-json\/wp\/v2\/pages\/574","targetHints":{"allow":["GET"]}}],"collection":[{"href":"https:\/\/dunofilms.fr\/en\/wp-json\/wp\/v2\/pages"}],"about":[{"href":"https:\/\/dunofilms.fr\/en\/wp-json\/wp\/v2\/types\/page"}],"author":[{"embeddable":true,"href":"https:\/\/dunofilms.fr\/en\/wp-json\/wp\/v2\/users\/1"}],"replies":[{"embeddable":true,"href":"https:\/\/dunofilms.fr\/en\/wp-json\/wp\/v2\/comments?post=574"}],"version-history":[{"count":27,"href":"https:\/\/dunofilms.fr\/en\/wp-json\/wp\/v2\/pages\/574\/revisions"}],"predecessor-version":[{"id":3705,"href":"https:\/\/dunofilms.fr\/en\/wp-json\/wp\/v2\/pages\/574\/revisions\/3705"}],"wp:attachment":[{"href":"https:\/\/dunofilms.fr\/en\/wp-json\/wp\/v2\/media?parent=574"}],"curies":[{"name":"wp","href":"https:\/\/api.w.org\/{rel}","templated":true}]}}