{"id":569,"date":"2018-09-14T11:44:03","date_gmt":"2018-09-14T09:44:03","guid":{"rendered":"http:\/\/dunofilms.fr\/?page_id=569"},"modified":"2022-09-01T11:58:01","modified_gmt":"2022-09-01T09:58:01","slug":"lenceinte","status":"publish","type":"page","link":"https:\/\/dunofilms.fr\/en\/lenceinte\/","title":{"rendered":"The Enclosure"},"content":{"rendered":"<div data-label=\"Content\" data-id=\"content-image-left\" data-category=\"content\" class=\"content-left-image-section content-image-left\" id=\"content-3\" style=\"background-color: #ffffff;\">\r\n<div class=\"gridContainer\">\r\n<div class=\"row\">\r\n<div class=\"content-left-image-imgcol\" data-type=\"column\"><img decoding=\"async\" src=\"http:\/\/dunofilms.fr\/wp-content\/uploads\/2022\/09\/LEnceinte-affiche-compresse\u0301e-1.jpg\" class=\"\" alt=\"\" \/><\/div>\r\n<div class=\"content-left-image-textcol dynamic-color\" data-type=\"column\">\r\n<p class=\"large_text\" style=\"text-align: center;\"><span style=\"color: #000000;\">When a gypsy camp moves in across the road from his property, Henry gets scared. Under his wife's worried gaze, he lays barbed wire around the house. At night, he takes up his weapons and keeps watch, determined to protect his home until sunrise.<\/span><\/p>\r\n<p class=\"\" style=\"text-align: center;\">Director : J\u00e9r\u00f4me Martin<\/p>\r\n<p class=\"\" style=\"text-align: center;\">Coproduction : Tobina Films<\/p>\r\n<p class=\"\" style=\"text-align: center;\">Cast : Alain Martin, Caroline Michel, Joseph Chevret<\/p>\r\n<p class=\"\" style=\"text-align: center;\">DOP : Nicolas Manson<\/p>\r\n<p class=\"\" style=\"text-align: center;\">Financial partners : Auvergne-Rh\u00f4ne-Alpes Region, Pays de la Loire Region, National Film Center<\/p>\r\n\r\n<h5 class=\"\" style=\"text-align: center;\">2011<\/h5>\r\n<\/div>\r\n<\/div>\r\n<\/div>\r\n<\/div>\r\n<div data-label=\"Content\" data-id=\"video-on-bottom\" data-category=\"content\" class=\"row_292 video-on-bottom\" id=\"content-4\" style=\"background-color: #ffffff; background-image: none;\" data-ovid=\"ovid-content-4-107\">\r\n<div class=\"gridContainer\">\r\n<div class=\"row\">\r\n<div class=\"column_269 dynamic-color\">\r\n<h3 style=\"text-align: center;\"><span style=\"font-weight: 400;\">Teaser<\/span><\/h3>\r\n<div class=\"row_296\">\r\n<div class=\"content-center-video-imgcol\" data-bg=\"image\" data-type=\"group\" style=\"background-image: url('http:\/\/dunofilms.fr\/wp-content\/uploads\/2018\/08\/cropped-ENCEINTE-3.png');\"><a data-fancybox=\"\" href=\"https:\/\/vimeo.com\/359001330\" data-video-lightbox=\"true\" class=\"\"> <i class=\"font-icon-video-on-bottom fa fa-play-circle-o color6\" data-cp-fa=\"true\"><\/i><\/a><\/div>\r\n<\/div>\r\n<\/div>\r\n<\/div>\r\n<\/div>\r\n<\/div>\r\n<div data-label=\"Cta\" data-id=\"cta-centered-bg-section\" data-category=\"cta\" class=\"cta-centered-bg-section white-text\" data-parallax-depth=\"20\" id=\"cta-1\" style=\"background-color: #f6f6f6; background-image: url('http:\/\/dunofilms.fr\/wp-content\/uploads\/2018\/08\/cropped-JEANINE-3.png'); background-size: cover; background-position: center top;\" data-ovid=\"ovid-cta-1-2542\">\r\n<div class=\"gridContainer\">\r\n<div class=\"cta-centered-bg-section-row\">\r\n<div class=\"cta-centered-bg-section-row-2\">\r\n<div class=\"cta-centered-bg-section-col dynamic-color\" data-type=\"column\">\r\n<h3 class=\"cta-centered-bg-section-title\"><span class=\"cta-centered-bg-section-title-bold\" href=\"#\">Jeanine Season 4\u00a0<\/span>by Slimane Bounia &amp; Vincent Villemagne<\/h3>\r\n<a class=\"button big transparent white-text\" href=\"https:\/\/dunofilms.fr\/en\/jeanine-saison-4\/\" target=\"_self\" data-icon=\"fa-arrow-right\" rel=\"noopener\"><span class=\"button-icon fa fa-arrow-right\"><\/span> <\/a>\r\n\r\n<\/div>\r\n<\/div>\r\n<\/div>\r\n<\/div>\r\n<\/div>","protected":false},"excerpt":{"rendered":"<p>Quand un campement gitan s\u2019installe face \u00e0 sa propri\u00e9t\u00e9, Henry prend peur. Sous le regard inquiet de sa femme, il pose des barbel\u00e9s autour de la maison. La nuit venue, il s\u2019arme et veille, bien d\u00e9cid\u00e9 \u00e0 prot\u00e9ger son foyer jusqu\u2019\u00e0 la naissance de l\u2019aube. Sc\u00e9nario et r\u00e9alisation : J\u00e9r\u00f4me Martin Coproduction : Tobina Films&hellip; <br \/> <a class=\"button small blue\" href=\"https:\/\/dunofilms.fr\/en\/de-plumes-et-de-plomb\/\">Read more<\/a><\/p>","protected":false},"author":1,"featured_media":0,"parent":0,"menu_order":0,"comment_status":"closed","ping_status":"closed","template":"full-width-page.php","meta":{"_crdt_document":"","footnotes":""},"class_list":["post-569","page","type-page","status-publish","hentry"],"_links":{"self":[{"href":"https:\/\/dunofilms.fr\/en\/wp-json\/wp\/v2\/pages\/569","targetHints":{"allow":["GET"]}}],"collection":[{"href":"https:\/\/dunofilms.fr\/en\/wp-json\/wp\/v2\/pages"}],"about":[{"href":"https:\/\/dunofilms.fr\/en\/wp-json\/wp\/v2\/types\/page"}],"author":[{"embeddable":true,"href":"https:\/\/dunofilms.fr\/en\/wp-json\/wp\/v2\/users\/1"}],"replies":[{"embeddable":true,"href":"https:\/\/dunofilms.fr\/en\/wp-json\/wp\/v2\/comments?post=569"}],"version-history":[{"count":31,"href":"https:\/\/dunofilms.fr\/en\/wp-json\/wp\/v2\/pages\/569\/revisions"}],"predecessor-version":[{"id":3192,"href":"https:\/\/dunofilms.fr\/en\/wp-json\/wp\/v2\/pages\/569\/revisions\/3192"}],"wp:attachment":[{"href":"https:\/\/dunofilms.fr\/en\/wp-json\/wp\/v2\/media?parent=569"}],"curies":[{"name":"wp","href":"https:\/\/api.w.org\/{rel}","templated":true}]}}