{"id":557,"date":"2018-09-14T11:34:11","date_gmt":"2018-09-14T09:34:11","guid":{"rendered":"http:\/\/dunofilms.fr\/?page_id=557"},"modified":"2022-09-01T11:34:47","modified_gmt":"2022-09-01T09:34:47","slug":"13-minutes-44","status":"publish","type":"page","link":"https:\/\/dunofilms.fr\/en\/13-minutes-44\/","title":{"rendered":"13 MINUTES 44"},"content":{"rendered":"<div data-label=\"Content\" data-id=\"content-image-left\" data-category=\"content\" class=\"content-left-image-section content-image-left\" id=\"content-3\" style=\"background-color: #ffffff;\">\r\n<div class=\"gridContainer\">\r\n<div class=\"row\">\r\n<div class=\"content-left-image-imgcol\" data-type=\"column\"><img decoding=\"async\" src=\"http:\/\/dunofilms.fr\/wp-content\/uploads\/2022\/08\/13min44_.jpg\" class=\"\" alt=\"\" \/><\/div>\r\n<div class=\"content-left-image-textcol dynamic-color\" data-type=\"column\">\r\n<p class=\"large_text\" style=\"text-align: center;\"><span style=\"color: #000000;\">Yves, in his 40s, is a lazy man who has never taken his place in society. This morning, he receives a letter from the Overpopulation Service announcing his death... in 13 minutes and 44 seconds.<\/span><\/p>\r\n<p class=\"\" style=\"text-align: center;\">Directors : Mathias and Colas Rifkiss<\/p>\r\n<p class=\"\" style=\"text-align: center;\">Coproduction : 2001 Production<\/p>\r\n<p class=\"\" style=\"text-align: center;\">Cast : Pierre Berriau, Sophie Cattani<\/p>\r\n<p class=\"\" style=\"text-align: center;\">DOP : Nicolas Manson<\/p>\r\n<p class=\"\" style=\"text-align: center;\">S\u00e9lections : <span style=\"font-weight: 300;\"><span style=\"color: #000000;\">Cannes Film Festival<\/span> \/ Landau International Short Film Festival \/ <span style=\"color: #000000;\">Off Courts de Trouville Festival<\/span> \/ Besancourt Short Film Festival \/ <span style=\"color: #000000;\">Puteaux Internation Short Film Festival<\/span> \/ Rh\u00f4nalpin Film Festival<\/span><\/p>\r\n<p class=\"\" style=\"text-align: center;\">Award : <span style=\"font-weight: 300;\">Audience Award - Louvain International Short Film Festival<\/span><\/p>\r\n\r\n<h5 class=\"\" style=\"text-align: center;\">2010<\/h5>\r\n<\/div>\r\n<\/div>\r\n<\/div>\r\n<\/div>\r\n<div data-label=\"Content\" data-id=\"video-on-bottom\" data-category=\"content\" class=\"row_292 video-on-bottom\" id=\"content-4\" style=\"background-color: #ffffff; background-image: none;\" data-ovid=\"ovid-content-4-107\">\r\n<div class=\"gridContainer\">\r\n<div class=\"row\">\r\n<div class=\"column_269 dynamic-color\">\r\n<h3 style=\"text-align: center;\"><span style=\"font-weight: 400;\">Teaser<\/span><\/h3>\r\n<div class=\"row_296\">\r\n<div class=\"content-center-video-imgcol\" data-bg=\"image\" data-type=\"group\" style=\"background-image: url('http:\/\/dunofilms.fr\/wp-content\/uploads\/2018\/08\/cropped-1344-2.png');\"><a data-fancybox=\"\" href=\"https:\/\/vimeo.com\/358080815\" data-video-lightbox=\"true\" class=\"\"> <i class=\"font-icon-video-on-bottom fa fa-play-circle-o color6\" data-cp-fa=\"true\"><\/i><\/a><\/div>\r\n<\/div>\r\n<\/div>\r\n<\/div>\r\n<\/div>\r\n<\/div>\r\n<div data-label=\"Cta\" data-id=\"cta-centered-bg-section\" data-category=\"cta\" class=\"cta-centered-bg-section white-text\" data-parallax-depth=\"20\" id=\"cta-1\" style=\"background-color: #f6f6f6; background-image: url('http:\/\/dunofilms.fr\/wp-content\/uploads\/2018\/09\/cropped-cropped-Lenceinte-051.png'); background-size: cover; background-position: center top;\" data-ovid=\"ovid-cta-1-2550\">\r\n<div class=\"gridContainer\">\r\n<div class=\"cta-centered-bg-section-row\">\r\n<div class=\"cta-centered-bg-section-row-2\">\r\n<div class=\"cta-centered-bg-section-col dynamic-color\" data-type=\"column\">\r\n<h3 class=\"cta-centered-bg-section-title\"><span class=\"cta-centered-bg-section-title-bold\" href=\"#\">The Enclosure\u00a0<\/span>by J\u00e9r\u00f4me Martin<\/h3>\r\n<a class=\"button big transparent white-text\" href=\"https:\/\/dunofilms.fr\/en\/lenceinte\/\" target=\"_self\" data-icon=\"fa-arrow-right\" rel=\"noopener\"><span class=\"button-icon fa fa-arrow-right\"><\/span> <\/a>\r\n\r\n<\/div>\r\n<\/div>\r\n<\/div>\r\n<\/div>\r\n<\/div>","protected":false},"excerpt":{"rendered":"<p>Yves, la quarantaine, est un oisif qui n\u2019a jamais pris sa place dans la soci\u00e9t\u00e9. Ce matin, il re\u00e7oit une lettre du Service des Surpopulations qui lui annonce sa mort\u2026 dans 13 minutes et 44 secondes. Sc\u00e9nario et r\u00e9alisation : Mathias et Colas Rifkiss Coproduction : 2001 Production Casting : Pierre Berriau, Sophie Cattani Image&hellip; <br \/> <a class=\"button small blue\" href=\"https:\/\/dunofilms.fr\/en\/de-plumes-et-de-plomb\/\">Read more<\/a><\/p>","protected":false},"author":1,"featured_media":0,"parent":0,"menu_order":0,"comment_status":"closed","ping_status":"closed","template":"full-width-page.php","meta":{"_crdt_document":"","footnotes":""},"class_list":["post-557","page","type-page","status-publish","hentry"],"_links":{"self":[{"href":"https:\/\/dunofilms.fr\/en\/wp-json\/wp\/v2\/pages\/557","targetHints":{"allow":["GET"]}}],"collection":[{"href":"https:\/\/dunofilms.fr\/en\/wp-json\/wp\/v2\/pages"}],"about":[{"href":"https:\/\/dunofilms.fr\/en\/wp-json\/wp\/v2\/types\/page"}],"author":[{"embeddable":true,"href":"https:\/\/dunofilms.fr\/en\/wp-json\/wp\/v2\/users\/1"}],"replies":[{"embeddable":true,"href":"https:\/\/dunofilms.fr\/en\/wp-json\/wp\/v2\/comments?post=557"}],"version-history":[{"count":34,"href":"https:\/\/dunofilms.fr\/en\/wp-json\/wp\/v2\/pages\/557\/revisions"}],"predecessor-version":[{"id":3165,"href":"https:\/\/dunofilms.fr\/en\/wp-json\/wp\/v2\/pages\/557\/revisions\/3165"}],"wp:attachment":[{"href":"https:\/\/dunofilms.fr\/en\/wp-json\/wp\/v2\/media?parent=557"}],"curies":[{"name":"wp","href":"https:\/\/api.w.org\/{rel}","templated":true}]}}