{"id":539,"date":"2018-09-14T10:56:39","date_gmt":"2018-09-14T08:56:39","guid":{"rendered":"http:\/\/dunofilms.fr\/?page_id=539"},"modified":"2022-09-01T12:50:27","modified_gmt":"2022-09-01T10:50:27","slug":"une-odeur-de-pique-nique","status":"publish","type":"page","link":"https:\/\/dunofilms.fr\/en\/une-odeur-de-pique-nique\/","title":{"rendered":"The Scent of a Picnic"},"content":{"rendered":"<div data-label=\"Content\" data-id=\"content-image-left\" data-category=\"content\" class=\"content-left-image-section content-image-left\" id=\"content-3\" style=\"background-color: #ffffff;\">\r\n<div class=\"gridContainer\">\r\n<div class=\"row\">\r\n<div class=\"content-left-image-imgcol\" data-type=\"column\"><img decoding=\"async\" src=\"http:\/\/dunofilms.fr\/wp-content\/uploads\/2022\/08\/Affiche-odeur-pique-nique-serrano-scaled.jpg\" class=\"\" alt=\"\" \/><\/div>\r\n<div class=\"content-left-image-textcol dynamic-color\" data-type=\"column\">\r\n<p class=\"large_text\" style=\"text-align: center;\"><span style=\"color: #000000;\">As night falls, a man enters an old store. The stall is filled with apothecary drawers and other antique display cases filled with a heap of disparate objects. Will the owner, a white-haired man wearing glasses and a smock, be able to satisfy this customer's strange request? Apparently, he knows his stuff.<\/span><\/p>\r\n<p class=\"\" style=\"text-align: center;\">Director : Luc Serrano<\/p>\r\n<p class=\"\" style=\"text-align: center;\">Script : Christophe Jardin and Luc Serrano<\/p>\r\n<p class=\"\" style=\"text-align: center;\">Cast : Anne Barrandon, Gerard Dessalles, Vincent Rouques<\/p>\r\n<p class=\"\" style=\"text-align: center;\">DOP : Yann Maritaud<\/p>\r\n<p class=\"\" style=\"text-align: center;\">Music : Jean Christophe Prince<\/p>\r\n<p class=\"\" style=\"text-align: center;\">Festival selections (France) : <span style=\"font-weight: 300;\"><span style=\"color: #000000;\">Film Court de Voiron Festival<\/span> \/ Paul Simon Festival \/ <span style=\"color: #000000;\">Rh\u00f4nalpin Film Festival \/<\/span> Film Grolandais International Film Festival<\/span><\/p>\r\n<p class=\"\" style=\"text-align: center;\">Festival selections (International) : <span style=\"font-weight: 300;\"><span style=\"color: #000000;\">Festival Internacional de Cortometrajes y Arte sobre Enfermedades (Spain)<\/span> \/ Phoenix Film festival (Australia) \/ <span style=\"color: #000000;\">V\u00e4ster\u00e5s Filmfestival (Sweden)<\/span> \/ Sacramento French Film Festival (USA) \/ <span style=\"color: #000000;\">Leeds International Film Festival (UK)<\/span><\/span><\/p>\r\n<p class=\"\" style=\"text-align: center;\">Awards : <span style=\"font-weight: 300;\">Special mention - Faites des Courts Festival \/ Audience award - Cin\u00e9-Po\u00e8me Festival \/ Screenplay award - festi'VAL'OISE<\/span><\/p>\r\n\r\n<h5 class=\"\" style=\"text-align: center;\">2014<\/h5>\r\n<\/div>\r\n<\/div>\r\n<\/div>\r\n<\/div>\r\n<div data-label=\"Content\" data-id=\"video-on-bottom\" data-category=\"content\" class=\"row_292 video-on-bottom\" id=\"content-4\" style=\"background-color: #ffffff; background-image: none;\" data-ovid=\"ovid-content-4-107\">\r\n<div class=\"gridContainer\">\r\n<div class=\"row\">\r\n<div class=\"column_269 dynamic-color\">\r\n<h3 style=\"text-align: center;\"><span style=\"font-weight: 500;\">Teaser<\/span><\/h3>\r\n<div class=\"row_296\">\r\n<div class=\"content-center-video-imgcol\" data-bg=\"image\" data-type=\"group\" style=\"background-image: url('http:\/\/dunofilms.fr\/wp-content\/uploads\/2018\/08\/cropped-une-odeur-de-pique-nique-3.jpg');\"><a data-fancybox=\"\" href=\"https:\/\/vimeo.com\/357860703\" data-video-lightbox=\"true\" class=\"\"> <i class=\"font-icon-video-on-bottom fa fa-play-circle-o color6\" data-cp-fa=\"true\"><\/i><\/a><\/div>\r\n<\/div>\r\n<\/div>\r\n<\/div>\r\n<\/div>\r\n<\/div>\r\n<div data-label=\"Cta\" data-id=\"cta-centered-bg-section\" data-category=\"cta\" class=\"cta-centered-bg-section white-text\" data-parallax-depth=\"20\" id=\"cta-1\" style=\"background-color: #f6f6f6; background-image: url('http:\/\/dunofilms.fr\/wp-content\/uploads\/2018\/08\/un-ami....jpg'); background-size: cover; background-position: center top;\" data-ovid=\"ovid-cta-1-2597\">\r\n<div class=\"gridContainer\">\r\n<div class=\"cta-centered-bg-section-row\">\r\n<div class=\"cta-centered-bg-section-row-2\">\r\n<div class=\"cta-centered-bg-section-col dynamic-color\" data-type=\"column\">\r\n<h3 class=\"cta-centered-bg-section-title\"><span class=\"cta-centered-bg-section-title-bold\" href=\"#\">A Friend\u00a0<\/span>by Pierre-Yves Hampartzoumian<\/h3>\r\n<a class=\"button big transparent white-text\" href=\"https:\/\/dunofilms.fr\/en\/un-ami\/\" target=\"_self\" data-icon=\"fa-arrow-right\" rel=\"noopener\"><span class=\"button-icon fa fa-arrow-right\"><\/span> <\/a>\r\n\r\n<\/div>\r\n<\/div>\r\n<\/div>\r\n<\/div>\r\n<\/div>","protected":false},"excerpt":{"rendered":"<p>\u00c0 la tomb\u00e9e de la nuit un homme entre dans une vieille boutique. L\u2019\u00e9choppe est remplie de tiroirs d\u2019apothicaire et autres vitrines anciennes peupl\u00e9es d\u2019un tas d\u2019objets disparates. Le propri\u00e9taire, un homme aux cheveux blancs portant lunettes et blouse, va t-il pouvoir acc\u00e9der \u00e0 la demande \u00e9trange de ce client ? Apparemment il conna\u00eet son&hellip; <br \/> <a class=\"button small blue\" href=\"https:\/\/dunofilms.fr\/en\/de-plumes-et-de-plomb\/\">Read more<\/a><\/p>","protected":false},"author":1,"featured_media":0,"parent":0,"menu_order":0,"comment_status":"closed","ping_status":"closed","template":"full-width-page.php","meta":{"_crdt_document":"","footnotes":""},"class_list":["post-539","page","type-page","status-publish","hentry"],"_links":{"self":[{"href":"https:\/\/dunofilms.fr\/en\/wp-json\/wp\/v2\/pages\/539","targetHints":{"allow":["GET"]}}],"collection":[{"href":"https:\/\/dunofilms.fr\/en\/wp-json\/wp\/v2\/pages"}],"about":[{"href":"https:\/\/dunofilms.fr\/en\/wp-json\/wp\/v2\/types\/page"}],"author":[{"embeddable":true,"href":"https:\/\/dunofilms.fr\/en\/wp-json\/wp\/v2\/users\/1"}],"replies":[{"embeddable":true,"href":"https:\/\/dunofilms.fr\/en\/wp-json\/wp\/v2\/comments?post=539"}],"version-history":[{"count":48,"href":"https:\/\/dunofilms.fr\/en\/wp-json\/wp\/v2\/pages\/539\/revisions"}],"predecessor-version":[{"id":3217,"href":"https:\/\/dunofilms.fr\/en\/wp-json\/wp\/v2\/pages\/539\/revisions\/3217"}],"wp:attachment":[{"href":"https:\/\/dunofilms.fr\/en\/wp-json\/wp\/v2\/media?parent=539"}],"curies":[{"name":"wp","href":"https:\/\/api.w.org\/{rel}","templated":true}]}}