{"id":531,"date":"2018-09-14T10:39:47","date_gmt":"2018-09-14T08:39:47","guid":{"rendered":"http:\/\/dunofilms.fr\/?page_id=531"},"modified":"2022-09-01T12:00:07","modified_gmt":"2022-09-01T10:00:07","slug":"lentomologiste","status":"publish","type":"page","link":"https:\/\/dunofilms.fr\/en\/lentomologiste\/","title":{"rendered":"The Entomologist"},"content":{"rendered":"<div data-label=\"Content\" data-id=\"content-image-left\" data-category=\"content\" class=\"content-left-image-section content-image-left\" id=\"content-3\" style=\"background-color: #ffffff;\">\r\n<div class=\"gridContainer\">\r\n<div class=\"row\">\r\n<div class=\"content-left-image-imgcol\" data-type=\"column\"><img decoding=\"async\" src=\"http:\/\/dunofilms.fr\/wp-content\/uploads\/2022\/08\/affiche.png\" class=\"\" alt=\"\" \/><\/div>\r\n<div class=\"content-left-image-textcol dynamic-color\" data-type=\"column\">\r\n<p class=\"large_text\" style=\"text-align: center;\"><span style=\"color: #000000;\">Pathological dreamer, Mathieu has been cut off from the outside world since his childhood. His ability to examine every last detail from everyday life has always isolated him from other people. His life made of teasing, loneliness and failure changed when he met Chloe. Since then, he has found his way through the prism of a microscope and today he is receiving the Nobel Prize. A television crew is interviewing him to produce his portrait...<\/span><\/p>\r\n<p class=\"\" style=\"text-align: center;\">Director : Laurent Diennet<\/p>\r\n<p class=\"\" style=\"text-align: center;\">Cast : Pierre Rochefort, Esther Gaumont, Nicolas Gabion, Brigitte Chambon<\/p>\r\n<p class=\"\" style=\"text-align: center;\">DOP : Yann Maritaud<\/p>\r\n<p class=\"\" style=\"text-align: center;\">Broadcast : T\u00e9l\u00e9 Lyon M\u00e9tropole, TV8 Mont-Blanc, M\u00e8che Courte<\/p>\r\n<p class=\"\" style=\"text-align: center;\">International Distributor : First Focus<\/p>\r\n<p class=\"\" style=\"text-align: center;\">Financial partners : Auvergne-Rh\u00f4ne-Alpes Region, COSIP Crowdfunding (Kiss Kiss Bank Bank)<\/p>\r\n<p class=\"\" style=\"text-align: center;\">Festival selections : <span style=\"font-weight: 300;\"><span style=\"color: #000000;\">Imagineindia Film Festival International (Spain)<\/span> \/ Rh\u00f4nalpin Film Festival \/\u00a0 <span style=\"color: #000000;\">La Balade des Courts Festival<\/span><\/span><\/p>\r\n\r\n<h5 class=\"\" style=\"text-align: center;\">2016<\/h5>\r\n<\/div>\r\n<\/div>\r\n<\/div>\r\n<\/div>\r\n<div data-label=\"Content\" data-id=\"video-on-bottom\" data-category=\"content\" class=\"row_292 video-on-bottom\" id=\"content-4\" style=\"background-color: #ffffff; background-image: none;\" data-ovid=\"ovid-content-4-107\">\r\n<div class=\"gridContainer\">\r\n<div class=\"row\">\r\n<div class=\"column_269 dynamic-color\">\r\n<h3 style=\"text-align: center;\"><span style=\"font-weight: 500;\">Teaser<\/span><\/h3>\r\n<div class=\"row_296\">\r\n<div class=\"content-center-video-imgcol\" data-bg=\"image\" data-type=\"group\" style=\"background-image: url('http:\/\/dunofilms.fr\/wp-content\/uploads\/2018\/08\/cropped-enthomologiste_3-2.png');\"><a data-fancybox=\"\" href=\"https:\/\/vimeo.com\/357847479\" data-video-lightbox=\"true\" class=\"\"> <i class=\"font-icon-video-on-bottom fa fa-play-circle-o color6\" data-cp-fa=\"true\"><\/i><\/a><\/div>\r\n<\/div>\r\n<\/div>\r\n<\/div>\r\n<\/div>\r\n<\/div>\r\n<div data-label=\"Cta\" data-id=\"cta-centered-bg-section\" data-category=\"cta\" class=\"cta-centered-bg-section white-text\" data-parallax-depth=\"20\" id=\"cta-1\" style=\"background-color: #f6f6f6; background-image: url('http:\/\/dunofilms.fr\/wp-content\/uploads\/2018\/08\/cropped-une-odeur-de-pique-nique-3.jpg'); background-size: cover; background-position: center top;\" data-ovid=\"ovid-cta-1-2517\">\r\n<div class=\"gridContainer\">\r\n<div class=\"cta-centered-bg-section-row\">\r\n<div class=\"cta-centered-bg-section-row-2\">\r\n<div class=\"cta-centered-bg-section-col dynamic-color\" data-type=\"column\">\r\n<h3 class=\"cta-centered-bg-section-title\"><span class=\"cta-centered-bg-section-title-bold\" href=\"#\">The Scent of a Picnic\u00a0<\/span>by Luc Serrano<\/h3>\r\n<a class=\"button big transparent white-text\" href=\"https:\/\/dunofilms.fr\/en\/une-odeur-de-pique-nique\/\" target=\"_self\" data-icon=\"fa-arrow-right\" rel=\"noopener\"><span class=\"button-icon fa fa-arrow-right\"><\/span> <\/a>\r\n\r\n<\/div>\r\n<\/div>\r\n<\/div>\r\n<\/div>\r\n<\/div>","protected":false},"excerpt":{"rendered":"<p>Mathieu, r\u00eaveur pathologique, est coup\u00e9 du monde depuis son enfance. Sa propension \u00e0 s\u2019attarder sur les plus infimes d\u00e9tails de notre quotidien et \u00e0 s\u2019y plonger l\u2019a toujours isol\u00e9 des autres. Sa vie \u00e9tait jusque-l\u00e0 faite de moqueries, de solitudes et d\u2019\u00e9checs, jusqu\u2019\u00e0 ce qu\u2019il rencontre Chlo\u00e9. Depuis, il a trouv\u00e9 sa voie \u00e0 travers&hellip; <br \/> <a class=\"button small blue\" href=\"https:\/\/dunofilms.fr\/en\/de-plumes-et-de-plomb\/\">Read more<\/a><\/p>","protected":false},"author":1,"featured_media":0,"parent":0,"menu_order":0,"comment_status":"closed","ping_status":"closed","template":"full-width-page.php","meta":{"_crdt_document":"","footnotes":""},"class_list":["post-531","page","type-page","status-publish","hentry"],"_links":{"self":[{"href":"https:\/\/dunofilms.fr\/en\/wp-json\/wp\/v2\/pages\/531","targetHints":{"allow":["GET"]}}],"collection":[{"href":"https:\/\/dunofilms.fr\/en\/wp-json\/wp\/v2\/pages"}],"about":[{"href":"https:\/\/dunofilms.fr\/en\/wp-json\/wp\/v2\/types\/page"}],"author":[{"embeddable":true,"href":"https:\/\/dunofilms.fr\/en\/wp-json\/wp\/v2\/users\/1"}],"replies":[{"embeddable":true,"href":"https:\/\/dunofilms.fr\/en\/wp-json\/wp\/v2\/comments?post=531"}],"version-history":[{"count":62,"href":"https:\/\/dunofilms.fr\/en\/wp-json\/wp\/v2\/pages\/531\/revisions"}],"predecessor-version":[{"id":3195,"href":"https:\/\/dunofilms.fr\/en\/wp-json\/wp\/v2\/pages\/531\/revisions\/3195"}],"wp:attachment":[{"href":"https:\/\/dunofilms.fr\/en\/wp-json\/wp\/v2\/media?parent=531"}],"curies":[{"name":"wp","href":"https:\/\/api.w.org\/{rel}","templated":true}]}}