{"id":511,"date":"2018-09-14T10:14:40","date_gmt":"2018-09-14T08:14:40","guid":{"rendered":"http:\/\/dunofilms.fr\/?page_id=511"},"modified":"2024-07-24T10:41:09","modified_gmt":"2024-07-24T08:41:09","slug":"girl-with-a-backpack","status":"publish","type":"page","link":"https:\/\/dunofilms.fr\/en\/girl-with-a-backpack\/","title":{"rendered":"GIRL WITH A BACKPACK"},"content":{"rendered":"<div data-label=\"Content\" data-id=\"content-image-left\" data-category=\"content\" class=\"content-left-image-section content-image-left\" id=\"content-3\" style=\"background-color: #ffffff;\">\r\n<div class=\"gridContainer\">\r\n<div class=\"row\">\r\n<div class=\"content-left-image-imgcol\" data-type=\"column\"><img decoding=\"async\" src=\"http:\/\/dunofilms.fr\/wp-content\/uploads\/2022\/08\/Backpack400X600.pdf\" class=\"\" alt=\"\" \/> <img decoding=\"async\" class=\"custom-image\" src=\"http:\/\/dunofilms.fr\/wp-content\/uploads\/2022\/08\/affiche-GWABP.png\" alt=\"\" \/><\/div>\r\n<div class=\"content-left-image-textcol dynamic-color\" data-type=\"column\">\r\n<p class=\"large_text\" style=\"text-align: center;\"><span style=\"color: #000000;\">Aurelia is about twenty years old. She wants to become a dancer but in the meantime, it is by making households that she earns her living. She walks around the city, a backpack on her shoulders that she never leaves ... Without knowing what she is hiding, or how she got there.<\/span><\/p>\r\n<p class=\"\" style=\"text-align: center;\">Director : Thibault Durand<\/p>\r\n<p class=\"\" style=\"text-align: center;\">Cast : Aur\u00e9lia Poirier, Olivier H\u00e9mon, Alexandre Borras<\/p>\r\n<p class=\"\" style=\"text-align: center;\">DOP : Yann Maritaud<\/p>\r\n<p class=\"\" style=\"text-align: center;\">Music :\u00a0Alexandre de la Baume<\/p>\r\n<p class=\"\" style=\"text-align: center;\">Distributor : Manifest<\/p>\r\n<p class=\"\" style=\"text-align: center;\">Festival selections : FestiFrance Brazil<\/p>\r\n\r\n<h5 class=\"\" style=\"text-align: center;\">2017<\/h5>\r\n<\/div>\r\n<\/div>\r\n<\/div>\r\n<\/div>\r\n<div data-label=\"Content\" data-id=\"video-on-bottom\" data-category=\"content\" class=\"row_292 video-on-bottom\" id=\"content-4\" style=\"background-color: #ffffff; background-image: none;\" data-ovid=\"ovid-content-4-107\">\r\n<div class=\"gridContainer\">\r\n<div class=\"row\">\r\n<div class=\"column_269 dynamic-color\">\r\n<h3 style=\"text-align: center;\"><span style=\"font-weight: 400;\">Teaser<\/span><\/h3>\r\n<div class=\"row_296\">\r\n<div class=\"content-center-video-imgcol\" data-bg=\"image\" data-type=\"group\" style=\"background-image: url('http:\/\/dunofilms.fr\/wp-content\/uploads\/2018\/08\/cropped-GWBP-2.jpg');\"><a data-fancybox=\"\" href=\"https:\/\/vimeo.com\/357578014\" data-video-lightbox=\"true\" class=\"\"> <i class=\"font-icon-video-on-bottom fa fa-play-circle-o color6\" data-cp-fa=\"true\"><\/i><\/a><\/div>\r\n<\/div>\r\n<\/div>\r\n<\/div>\r\n<\/div>\r\n<\/div>\r\n<div data-label=\"Cta\" data-id=\"cta-centered-bg-section\" data-category=\"cta\" class=\"cta-centered-bg-section white-text\" data-parallax-depth=\"20\" id=\"cta-1\" style=\"background-color: #f6f6f6; background-image: url('http:\/\/dunofilms.fr\/wp-content\/uploads\/2022\/07\/cropped-IMG_1848-scaled-1.jpg'); background-size: cover; background-position: center top;\" data-ovid=\"ovid-cta-1-2555\">\r\n<div class=\"gridContainer\">\r\n<div class=\"cta-centered-bg-section-row\">\r\n<div class=\"cta-centered-bg-section-row-2\">\r\n<div class=\"cta-centered-bg-section-col dynamic-color\" data-type=\"column\">\r\n<h3 class=\"cta-centered-bg-section-title\"><span class=\"cta-centered-bg-section-title-bold\" href=\"#\">Burning\u00a0<\/span>by Slimane Bounia<\/h3>\r\n<a class=\"button big transparent white-text\" href=\"https:\/\/dunofilms.fr\/en\/celui-qui-brule\/\" target=\"_self\" data-icon=\"fa-arrow-right\" rel=\"noopener\"><span class=\"button-icon fa fa-arrow-right\"><\/span> <\/a>\r\n\r\n<\/div>\r\n<\/div>\r\n<\/div>\r\n<\/div>\r\n<\/div>","protected":false},"excerpt":{"rendered":"<p>Aur\u00e9lia a une vingtaine d\u2019ann\u00e9es. Elle voudrait devenir danseuse mais en attendant, c\u2019est en faisant des m\u00e9nages qu\u2019elle gagne sa vie. Elle parcourt la vi(ll)e, un sac \u00e0 dos sur les \u00e9paules qu\u2019elle ne quitte jamais\u2026 Sans que l\u2019on sache ce qu\u2019elle y cache, ou comment elle en est arriv\u00e9e l\u00e0. Sc\u00e9nario et r\u00e9alisation :&hellip; <br \/> <a class=\"button small blue\" href=\"https:\/\/dunofilms.fr\/en\/de-plumes-et-de-plomb\/\">Read more<\/a><\/p>","protected":false},"author":1,"featured_media":0,"parent":0,"menu_order":0,"comment_status":"closed","ping_status":"closed","template":"full-width-page.php","meta":{"_crdt_document":"","footnotes":""},"class_list":["post-511","page","type-page","status-publish","hentry"],"_links":{"self":[{"href":"https:\/\/dunofilms.fr\/en\/wp-json\/wp\/v2\/pages\/511","targetHints":{"allow":["GET"]}}],"collection":[{"href":"https:\/\/dunofilms.fr\/en\/wp-json\/wp\/v2\/pages"}],"about":[{"href":"https:\/\/dunofilms.fr\/en\/wp-json\/wp\/v2\/types\/page"}],"author":[{"embeddable":true,"href":"https:\/\/dunofilms.fr\/en\/wp-json\/wp\/v2\/users\/1"}],"replies":[{"embeddable":true,"href":"https:\/\/dunofilms.fr\/en\/wp-json\/wp\/v2\/comments?post=511"}],"version-history":[{"count":53,"href":"https:\/\/dunofilms.fr\/en\/wp-json\/wp\/v2\/pages\/511\/revisions"}],"predecessor-version":[{"id":3180,"href":"https:\/\/dunofilms.fr\/en\/wp-json\/wp\/v2\/pages\/511\/revisions\/3180"}],"wp:attachment":[{"href":"https:\/\/dunofilms.fr\/en\/wp-json\/wp\/v2\/media?parent=511"}],"curies":[{"name":"wp","href":"https:\/\/api.w.org\/{rel}","templated":true}]}}