{"id":3929,"date":"2025-12-22T16:57:23","date_gmt":"2025-12-22T15:57:23","guid":{"rendered":"https:\/\/dunofilms.fr\/?page_id=3929"},"modified":"2026-01-08T12:19:04","modified_gmt":"2026-01-08T11:19:04","slug":"pas-mal-les-bzezs-3","status":"publish","type":"page","link":"https:\/\/dunofilms.fr\/en\/pas-mal-les-bzezs-3\/","title":{"rendered":"Pas mal les Bzezs"},"content":{"rendered":"<div class=\"content-left-image-textcol dynamic-color\" data-type=\"column\">\n<p class=\"large_text\" style=\"text-align: center;\"><img loading=\"lazy\" decoding=\"async\" class=\"alignleft wp-image-3932\" src=\"https:\/\/dunofilms.fr\/wp-content\/uploads\/2025\/12\/Affiche-V2-1-212x300.jpeg\" alt=\"\" width=\"354\" height=\"501\" srcset=\"https:\/\/dunofilms.fr\/wp-content\/uploads\/2025\/12\/Affiche-V2-1-212x300.jpeg 212w, https:\/\/dunofilms.fr\/wp-content\/uploads\/2025\/12\/Affiche-V2-1-723x1024.jpeg 723w, https:\/\/dunofilms.fr\/wp-content\/uploads\/2025\/12\/Affiche-V2-1-768x1087.jpeg 768w, https:\/\/dunofilms.fr\/wp-content\/uploads\/2025\/12\/Affiche-V2-1-1085x1536.jpeg 1085w, https:\/\/dunofilms.fr\/wp-content\/uploads\/2025\/12\/Affiche-V2-1-8x12.jpeg 8w, https:\/\/dunofilms.fr\/wp-content\/uploads\/2025\/12\/Affiche-V2-1-1024x1450.jpeg 1024w, https:\/\/dunofilms.fr\/wp-content\/uploads\/2025\/12\/Affiche-V2-1-763x1080.jpeg 763w, https:\/\/dunofilms.fr\/wp-content\/uploads\/2025\/12\/Affiche-V2-1.jpeg 1130w\" sizes=\"auto, (max-width: 354px) 100vw, 354px\" \/><\/p>\n<p class=\"large_text\" style=\"text-align: center;\">Samuel a d\u00e9cid\u00e9 de venir au barbecue de Daphn\u00e9 et Julien avec un tout nouveau crop top.<br \/>\nIl ne se doute pas que ce choix tr\u00e8s \u00ab rock n\u2019roll \u00bb va avoir des cons\u00e9quences !<\/p>\n<p class=\"\" style=\"text-align: center;\"><strong>Sc\u00e9nario et r\u00e9alisation : Simon Grass<\/strong><\/p>\n<p style=\"text-align: center;\">Casting : Ugo Bulfone, Lucas Garcia, Fiona Julien, Micka\u00ebl P\u00e9lissier, Alice Pey et No\u00e9mie Sarcey<\/p>\n<p style=\"text-align: center;\">Image : Arthur Fanget<\/p>\n<\/div>\n<p>&nbsp;<\/p>","protected":false},"excerpt":{"rendered":"<p>Samuel a d\u00e9cid\u00e9 de venir au barbecue de Daphn\u00e9 et Julien avec un tout nouveau crop top. Il ne se doute pas que ce choix tr\u00e8s \u00ab rock n\u2019roll \u00bb va avoir des cons\u00e9quences ! Sc\u00e9nario et r\u00e9alisation : Simon Grass Casting : Ugo Bulfone, Lucas Garcia, Fiona Julien, Micka\u00ebl P\u00e9lissier, Alice Pey et No\u00e9mie&hellip; <br \/> <a class=\"button small blue\" href=\"https:\/\/dunofilms.fr\/en\/pas-mal-les-bzezs-3\/\">Read more<\/a><\/p>","protected":false},"author":1,"featured_media":0,"parent":0,"menu_order":0,"comment_status":"closed","ping_status":"closed","template":"","meta":{"_crdt_document":"","footnotes":""},"class_list":["post-3929","page","type-page","status-publish","hentry"],"_links":{"self":[{"href":"https:\/\/dunofilms.fr\/en\/wp-json\/wp\/v2\/pages\/3929","targetHints":{"allow":["GET"]}}],"collection":[{"href":"https:\/\/dunofilms.fr\/en\/wp-json\/wp\/v2\/pages"}],"about":[{"href":"https:\/\/dunofilms.fr\/en\/wp-json\/wp\/v2\/types\/page"}],"author":[{"embeddable":true,"href":"https:\/\/dunofilms.fr\/en\/wp-json\/wp\/v2\/users\/1"}],"replies":[{"embeddable":true,"href":"https:\/\/dunofilms.fr\/en\/wp-json\/wp\/v2\/comments?post=3929"}],"version-history":[{"count":10,"href":"https:\/\/dunofilms.fr\/en\/wp-json\/wp\/v2\/pages\/3929\/revisions"}],"predecessor-version":[{"id":3957,"href":"https:\/\/dunofilms.fr\/en\/wp-json\/wp\/v2\/pages\/3929\/revisions\/3957"}],"wp:attachment":[{"href":"https:\/\/dunofilms.fr\/en\/wp-json\/wp\/v2\/media?parent=3929"}],"curies":[{"name":"wp","href":"https:\/\/api.w.org\/{rel}","templated":true}]}}