{"id":370,"date":"2018-08-03T16:39:49","date_gmt":"2018-08-03T14:39:49","guid":{"rendered":"http:\/\/dunofilms.fr\/?page_id=370"},"modified":"2022-09-01T12:20:11","modified_gmt":"2022-09-01T10:20:11","slug":"les-poux","status":"publish","type":"page","link":"https:\/\/dunofilms.fr\/en\/les-poux\/","title":{"rendered":"Lices"},"content":{"rendered":"<div data-label=\"Content\" data-id=\"content-image-left-1\" data-category=\"content\" class=\"content-left-image-section content-image-left-1\" id=\"content-1\" style=\"background-color: #ffffff; background-image: none;\" data-ovid=\"ovid-content-1-1261\">\r\n<div class=\"gridContainer\">\r\n<div class=\"row\">\r\n<div class=\"content-left-image-imgcol\" data-type=\"column\"><img decoding=\"async\" src=\"http:\/\/dunofilms.fr\/wp-content\/uploads\/2022\/08\/Affiche-Les-Poux-Mailchimp.jpg\" class=\"alignnone\" alt=\"\" \/><\/div>\r\n<div class=\"content-left-image-textcol dynamic-color\" data-type=\"column\">\r\n<h4 class=\"\" style=\"text-align: center;\">Five volunteers from a social aid team, the pride of France's solidarity movement, all handsome, friendly and active, approach a Tamil homeless man to offer him food, smiles and attention... and humiliate him in perfectly clear conscience.<\/h4>\r\n<p class=\"\" style=\"text-align: center;\"><span style=\"font-weight: 400; font-size: 14px; text-align: center;\">Director : Marc Lahore<\/span><\/p>\r\n<p style=\"text-align: center;\" class=\"\">Cast : Vigithan Sokka, Jeanne Ch\u00e9r\u00e8ze, Emilien Fabrizio, Antoine Guiraud, Cl\u00e9mentine Poidatz<\/p>\r\n<p style=\"text-align: center;\" class=\"\">DOP : Nicolas Berteyac<\/p>\r\n<p class=\"\" style=\"text-align: center;\">Distributor : Manifest<\/p>\r\n<p class=\"\" style=\"text-align: center;\"><span style=\"font-weight: 400; font-size: 14px; text-align: center;\">Broadcast : Alsace 20<\/span><\/p>\r\n<p class=\"\" style=\"text-align: center;\"><span style=\"font-weight: 400; font-size: 14px; text-align: center;\">Financial partners : Grand Est Region, Eurometropole of Strasbourg, Prociep-Angoa, Alsace 20<\/span><\/p>\r\n<p class=\"\" style=\"text-align: center;\"><span style=\"font-weight: 400; font-size: 14px; text-align: center;\">Festival selections (France) :\r\n<span style=\"font-weight: 300;\"><span style=\"color: #000000;\">Chacun son Court Festival<\/span>\u00a0\/ Auch Short Film Festival \/ <span style=\"color: #000000;\">Paris Court Devant Festival<\/span>\u00a0\/ Aigues Mortes International Short Film Festival \u2013 Ecran Libre \/<span style=\"color: #000000;\">Eclats des toiles Festival \u2013 Rosi\u00e8res Festival<\/span>\u00a0\/ Militant Cinema Night (Lyon)<\/span><\/span><\/p>\r\n<p class=\"\" style=\"text-align: center;\"><span style=\"font-weight: 400; font-size: 14px; text-align: center;\">Festival selections (International) :\r\n<span style=\"font-weight: 300;\"><span style=\"color: #000000;\">T\u00fcbingen-Stuttgart International French-speaking Film Festival (Germany)<\/span>\u00a0\/ Catacumba Film Festival of Larissa (Greece) \/ <span style=\"color: #000000;\">Landshut Short Film Festival (Germany)<\/span>\u00a0\/ La Nuit Br\u00e8ve Festival, sponsored by Les Films de la R\u00e9cr\u00e9 (Belgium) \/ <span style=\"color: #000000;\">OIFF Short Film Festival (Italy)<\/span><\/span><\/span><\/p>\r\n<p class=\"\" style=\"text-align: center;\"><span style=\"font-weight: 400; font-size: 14px; text-align: center;\">Awards :\r\n<span style=\"color: #000000; font-weight: 300;\">Audience Award - Catacumba Film Festival<\/span><\/span><\/p>\r\n\r\n<h5 class=\"\" style=\"text-align: center;\">2019<\/h5>\r\n<\/div>\r\n<\/div>\r\n<\/div>\r\n<\/div>\r\n<div data-label=\"Cta\" data-id=\"cta-centered-bg-section\" data-category=\"cta\" class=\"cta-centered-bg-section white-text\" data-parallax-depth=\"20\" id=\"cta-1\" style=\"background-color: #f6f6f6; background-image: url('http:\/\/dunofilms.fr\/wp-content\/uploads\/2019\/05\/cropped-gronde_marmaille_affiche-1.jpg'); background-size: cover; background-position: center top;\" data-ovid=\"ovid-cta-1-2568\">\r\n<div class=\"gridContainer\">\r\n<div class=\"cta-centered-bg-section-row\">\r\n<div class=\"cta-centered-bg-section-row-2\">\r\n<div class=\"cta-centered-bg-section-col dynamic-color\" data-type=\"column\">\r\n<h3 class=\"cta-centered-bg-section-title\"><span class=\"cta-centered-bg-section-title-bold\" href=\"#\">Rain, Rain, Run Away\u00a0<\/span>by Cl\u00e9mentine Carri\u00e9<\/h3>\r\n<a class=\"button big transparent white-text\" href=\"https:\/\/dunofilms.fr\/en\/gronde-marmaille\/\" target=\"_self\" data-icon=\"fa-arrow-right\" rel=\"noopener\"><span class=\"button-icon fa fa-arrow-right\"><\/span> <\/a>\r\n\r\n<\/div>\r\n<\/div>\r\n<\/div>\r\n<\/div>\r\n<\/div>","protected":false},"excerpt":{"rendered":"<p>Cinq b\u00e9n\u00e9voles d\u2019une \u00e9quipe de maraudes sociales, fiert\u00e9 de la France solidaire, tous beaux, sympathiques et dynamiques se pr\u00e9sentent \u00e0 un sans-abri tamoul pour lui offrir nourriture, sourires, attention\u2026 et l\u2019humilient ce faisant, en parfaite bonne conscience. Sc\u00e9nario et r\u00e9alisation : Marc Lahore Casting : Vigithan Sokka, Jeanne Ch\u00e9r\u00e8ze, Emilien Fabrizio, Antoine Guiraud, Cl\u00e9mentine Poidatz&hellip; <br \/> <a class=\"button small blue\" href=\"https:\/\/dunofilms.fr\/en\/de-plumes-et-de-plomb\/\">Read more<\/a><\/p>","protected":false},"author":1,"featured_media":0,"parent":0,"menu_order":0,"comment_status":"closed","ping_status":"closed","template":"full-width-page.php","meta":{"_crdt_document":"","footnotes":""},"class_list":["post-370","page","type-page","status-publish","hentry"],"_links":{"self":[{"href":"https:\/\/dunofilms.fr\/en\/wp-json\/wp\/v2\/pages\/370","targetHints":{"allow":["GET"]}}],"collection":[{"href":"https:\/\/dunofilms.fr\/en\/wp-json\/wp\/v2\/pages"}],"about":[{"href":"https:\/\/dunofilms.fr\/en\/wp-json\/wp\/v2\/types\/page"}],"author":[{"embeddable":true,"href":"https:\/\/dunofilms.fr\/en\/wp-json\/wp\/v2\/users\/1"}],"replies":[{"embeddable":true,"href":"https:\/\/dunofilms.fr\/en\/wp-json\/wp\/v2\/comments?post=370"}],"version-history":[{"count":72,"href":"https:\/\/dunofilms.fr\/en\/wp-json\/wp\/v2\/pages\/370\/revisions"}],"predecessor-version":[{"id":3200,"href":"https:\/\/dunofilms.fr\/en\/wp-json\/wp\/v2\/pages\/370\/revisions\/3200"}],"wp:attachment":[{"href":"https:\/\/dunofilms.fr\/en\/wp-json\/wp\/v2\/media?parent=370"}],"curies":[{"name":"wp","href":"https:\/\/api.w.org\/{rel}","templated":true}]}}