{"id":3532,"date":"2024-03-12T15:25:31","date_gmt":"2024-03-12T14:25:31","guid":{"rendered":"https:\/\/dunofilms.fr\/?page_id=3532"},"modified":"2025-04-09T15:57:16","modified_gmt":"2025-04-09T13:57:16","slug":"celestes","status":"publish","type":"page","link":"https:\/\/dunofilms.fr\/en\/celestes\/","title":{"rendered":"C\u00e9lestes"},"content":{"rendered":"<div  data-label=\"Content\" data-id=\"content-image-left\" data-category=\"content\" class=\"content-left-image-section content-image-left\" id=\"content-3\" style=\"background-color: #ffffff; background-image: none;\" data-ovid=\"ovid-content-3-930\">\n<div  class=\"gridContainer\">\n<div  class=\"row\">\n<div  class=\"content-left-image-imgcol\" data-type=\"column\"><img  decoding=\"async\" src=\"https:\/\/dunofilms.fr\/wp-content\/uploads\/2024\/03\/cropped-main_travailleurs_chinois_guerre-e1710254042103.jpg\" class=\"\" alt=\"\"><\/div>\n<div  class=\"content-left-image-textcol dynamic-color\" data-type=\"column\">\n<p  class=\"large_text\" style=\"text-align: center;\"><span  style=\"color: #000000;\">More than a year after the end of the World War I, Zhiu and Xeng, two Chinese workers hired by the French Army to join the war effort, are still in France, burying the dead bodies of unknown soldiers.\nAfter a dramatic incident, the two brothers have no choice but to flee to the French countryside.<\/span><\/p>\n<p  class=\"\" style=\"text-align: center;\">Director : Mathieu Pheng\n<br ><br >Selected for Lab On Mars - European Market of Musical Composition for the Image (Music &amp; Cinema Festival Marseille 2025)<\/p>\n\n<\/div>\n<\/div>\n<\/div>\n<\/div><div  data-label=\"Subscribe\" data-id=\"subscribe-centered-section\" data-category=\"subscribe\" class=\"subscribe-centered-section\" id=\"subscribe-2\" style=\"background-image: url(&quot;https:\/\/dunofilms.fr\/wp-content\/uploads\/2024\/05\/cropped-iStock-458568783-e1716897836887.jpg&quot;); background-color: rgb(33, 134, 196); background-size: cover; background-position: center top;\" data-ovid=\"ovid-subscribe-2-565\" data-parallax-depth=\"20\">\n<div  class=\"gridContainer dynamic-color\">\n<div  class=\"row\">\n<div  class=\"subscribe-centered-section-wrap white-text\" data-type=\"column\">\n<h3  class=\"subscribe-centered-section-title\"><span  class=\"subscribe-centered-section-span\">Operation Anderson&nbsp;<\/span>by Guillaume Doucet<\/h3>\n<a class=\"button big transparent white-text\" href=\"https:\/\/dunofilms.fr\/en\/operation-anderson\/\" target=\"_self\" data-icon=\"fa-arrow-right\" rel=\"noopener\"><span  class=\"button-icon fa fa-arrow-right\"><\/span><\/a>\n\n<\/div>\n<\/div>\n<\/div>\n<\/div>","protected":false},"excerpt":{"rendered":"<p>Plus d\u2019un an apr\u00e8s la fin de la Premi\u00e8re Guerre mondiale, Zhiu et Xeng, deux ouvriers chinois engag\u00e9s par l\u2019Arm\u00e9e fran\u00e7aise pour contribuer \u00e0 l\u2019effort de guerre, sont toujours en France pour enterrer les cadavres de soldats inconnus. Apr\u00e8s un dramatique incident, les deux fr\u00e8res n\u2019ont d\u2019autre choix que de fuir dans la campagne fran\u00e7aise.&hellip; <br \/> <a class=\"button small blue\" href=\"https:\/\/dunofilms.fr\/en\/de-plumes-et-de-plomb\/\">Read more<\/a><\/p>","protected":false},"author":1,"featured_media":0,"parent":0,"menu_order":0,"comment_status":"closed","ping_status":"closed","template":"full-width-page.php","meta":{"_crdt_document":"","footnotes":""},"class_list":["post-3532","page","type-page","status-publish","hentry"],"_links":{"self":[{"href":"https:\/\/dunofilms.fr\/en\/wp-json\/wp\/v2\/pages\/3532","targetHints":{"allow":["GET"]}}],"collection":[{"href":"https:\/\/dunofilms.fr\/en\/wp-json\/wp\/v2\/pages"}],"about":[{"href":"https:\/\/dunofilms.fr\/en\/wp-json\/wp\/v2\/types\/page"}],"author":[{"embeddable":true,"href":"https:\/\/dunofilms.fr\/en\/wp-json\/wp\/v2\/users\/1"}],"replies":[{"embeddable":true,"href":"https:\/\/dunofilms.fr\/en\/wp-json\/wp\/v2\/comments?post=3532"}],"version-history":[{"count":8,"href":"https:\/\/dunofilms.fr\/en\/wp-json\/wp\/v2\/pages\/3532\/revisions"}],"predecessor-version":[{"id":3866,"href":"https:\/\/dunofilms.fr\/en\/wp-json\/wp\/v2\/pages\/3532\/revisions\/3866"}],"wp:attachment":[{"href":"https:\/\/dunofilms.fr\/en\/wp-json\/wp\/v2\/media?parent=3532"}],"curies":[{"name":"wp","href":"https:\/\/api.w.org\/{rel}","templated":true}]}}