{"id":3523,"date":"2024-03-12T15:16:56","date_gmt":"2024-03-12T14:16:56","guid":{"rendered":"https:\/\/dunofilms.fr\/?page_id=3523"},"modified":"2024-10-21T10:33:08","modified_gmt":"2024-10-21T08:33:08","slug":"whippet","status":"publish","type":"page","link":"https:\/\/dunofilms.fr\/en\/whippet\/","title":{"rendered":"Whippet"},"content":{"rendered":"<div  data-label=\"Content\" data-id=\"content-image-left\" data-category=\"content\" class=\"content-left-image-section content-image-left\" id=\"content-3\" style=\"background-color: #ffffff; background-image: none;\" data-ovid=\"ovid-content-3-930\">\n<div  class=\"gridContainer\">\n<div  class=\"row\">\n<div  class=\"content-left-image-imgcol\" data-type=\"column\"><img  decoding=\"async\" src=\"https:\/\/dunofilms.fr\/wp-content\/uploads\/2024\/03\/Projets-en-developpement-glissees_page-0001-e1710252533979.jpg\" class=\"\" alt=\"\"><\/div>\n<div  class=\"content-left-image-textcol dynamic-color\" data-type=\"column\">\n<p  class=\"large_text\" style=\"text-align: center;\"><span  style=\"color: #000000;\">Summer 1996.\n<br >Charlie, a kid nicknamed Whippet, is looking for a way out with his uncle while trying to cope with his mother\u2019s string of one-night stands.<\/span><\/p>\n<p  class=\"\" style=\"text-align: center;\">Director : C\u00e9dric Bourgeois\n<br ><br >In coproduction with Iota Production (Belgium)\n<br ><br >Financial partners : Ministry of the French Community of Belgium (Production support), Shelter Prod \u2013 Tax Shelter<\/p>\n\n<\/div>\n<\/div>\n<\/div>\n<\/div><div  data-label=\"Subscribe\" data-id=\"subscribe-centered-section\" data-category=\"subscribe\" class=\"subscribe-centered-section\" id=\"subscribe-2\" style=\"background-image: url(&quot;https:\/\/dunofilms.fr\/wp-content\/uploads\/2023\/01\/cropped-AdobeStock_68760921.jpeg&quot;); background-color: rgb(33, 134, 196); background-size: cover; background-position: center top;\" data-ovid=\"ovid-subscribe-2-565\" data-parallax-depth=\"20\">\n<div  class=\"gridContainer dynamic-color\">\n<div  class=\"row\">\n<div  class=\"subscribe-centered-section-wrap white-text\" data-type=\"column\">\n<h3  class=\"subscribe-centered-section-title\"><span  class=\"subscribe-centered-section-span\">Just a Party <\/span>by Julien H\u00e9risson<\/h3>\n<a class=\"button big transparent white-text\" href=\"https:\/\/dunofilms.fr\/en\/juste-une-soiree\/\" target=\"_self\" data-icon=\"fa-arrow-right\" rel=\"noopener\"><span  class=\"button-icon fa fa-arrow-right\"><\/span><\/a>\n\n<\/div>\n<\/div>\n<\/div>\n<\/div>","protected":false},"excerpt":{"rendered":"<p>Et\u00e9 1996. Charlie, un gosse surnomm\u00e9 Whippet, cherche l\u2019\u00e9vasion aupr\u00e8s de son oncle tout en tentant de g\u00e9rer sa m\u00e8re qui encha\u00eene les histoires sans lendemain. Sc\u00e9nario et r\u00e9alisation : C\u00e9dric Bourgeois En co-production avec Iota Production (Belgique) Partenaires : Minist\u00e8re de la Communaut\u00e9 fran\u00e7aise de Belgique (Aide \u00e0 la production), Shelter Prod \u2013 Tax&hellip; <br \/> <a class=\"button small blue\" href=\"https:\/\/dunofilms.fr\/en\/de-plumes-et-de-plomb\/\">Read more<\/a><\/p>","protected":false},"author":1,"featured_media":0,"parent":0,"menu_order":0,"comment_status":"closed","ping_status":"closed","template":"full-width-page.php","meta":{"_crdt_document":"","footnotes":""},"class_list":["post-3523","page","type-page","status-publish","hentry"],"_links":{"self":[{"href":"https:\/\/dunofilms.fr\/en\/wp-json\/wp\/v2\/pages\/3523","targetHints":{"allow":["GET"]}}],"collection":[{"href":"https:\/\/dunofilms.fr\/en\/wp-json\/wp\/v2\/pages"}],"about":[{"href":"https:\/\/dunofilms.fr\/en\/wp-json\/wp\/v2\/types\/page"}],"author":[{"embeddable":true,"href":"https:\/\/dunofilms.fr\/en\/wp-json\/wp\/v2\/users\/1"}],"replies":[{"embeddable":true,"href":"https:\/\/dunofilms.fr\/en\/wp-json\/wp\/v2\/comments?post=3523"}],"version-history":[{"count":5,"href":"https:\/\/dunofilms.fr\/en\/wp-json\/wp\/v2\/pages\/3523\/revisions"}],"predecessor-version":[{"id":3763,"href":"https:\/\/dunofilms.fr\/en\/wp-json\/wp\/v2\/pages\/3523\/revisions\/3763"}],"wp:attachment":[{"href":"https:\/\/dunofilms.fr\/en\/wp-json\/wp\/v2\/media?parent=3523"}],"curies":[{"name":"wp","href":"https:\/\/api.w.org\/{rel}","templated":true}]}}