{"id":3473,"date":"2024-01-16T12:03:10","date_gmt":"2024-01-16T11:03:10","guid":{"rendered":"https:\/\/dunofilms.fr\/?page_id=3473"},"modified":"2026-03-11T11:13:29","modified_gmt":"2026-03-11T10:13:29","slug":"la-marque","status":"publish","type":"page","link":"https:\/\/dunofilms.fr\/en\/la-marque\/","title":{"rendered":"The Mark"},"content":{"rendered":"<div data-label=\"Content\" data-id=\"content-image-left\" data-category=\"content\" class=\"content-left-image-section content-image-left\" id=\"content-3\" style=\"background-color: #ffffff;\">\r\n<div class=\"gridContainer\">\r\n<div class=\"row\">\r\n<div class=\"content-left-image-imgcol\" data-type=\"column\"><img decoding=\"async\" src=\"https:\/\/dunofilms.fr\/wp-content\/uploads\/2024\/01\/JINX_2609-e1705402766121.png\" class=\"\" alt=\"\" \/><\/div>\r\n<div class=\"content-left-image-textcol dynamic-color\" data-type=\"column\">\r\n<h4 class=\"\" style=\"text-align: center;\">Le quotidien pavillonnaire d\u2019un couple de trentenaires est perturb\u00e9 par d\u2019inqui\u00e9tants incidents suite \u00e0 l\u2019apparition soudaine d\u2019une marque cutan\u00e9e sur le visage de leur fils de 6 ans. L\u2019enfant porterait-il malheur ? La m\u00e8re va prendre tous les risques pour sauver sa famille. Quitte \u00e0 s\u2019y perdre elle-m\u00eame.<\/h4>\r\n<p style=\"text-align: center;\">Director : Franck Richard<\/p>\r\n<p style=\"text-align: center;\">Financial partners: Grand Est Region (Writing support), SACD-Beaumarchais (Writing grant), CNC (Development support)<\/p>\r\n<p style=\"text-align: center;\">S\u00e9lectionn\u00e9 au PIFFF (Paris International Fantastic Film Festival), Forum de Namur (FIFF Namur 2024), Pitchs EuroGenre (Festival Europ\u00e9en du Film Fantastique de Strasbourg 2024) et Hatching Ravens Showcase du BIF Market 2025 (Brussels Genre Film Market)<\/p>\r\n\r\n<\/div>\r\n<\/div>\r\n<\/div>\r\n<\/div>\r\n<div data-label=\"Cta\" data-id=\"cta-centered-bg-section\" data-category=\"cta\" class=\"cta-centered-bg-section white-text\" id=\"cta-1\" style=\"background-color: #f6f6f6; background-image: url('https:\/\/dunofilms.fr\/wp-content\/uploads\/2025\/04\/cropped-Dossier-Artistique-LM2_Personne-na-peur-10012025COMPRESSED-glissees.psd.png'); background-size: cover; background-position: center top;\" data-ovid=\"ovid-cta-1-2494\" data-parallax-depth=\"20\">\r\n<div class=\"gridContainer\">\r\n<div class=\"cta-centered-bg-section-row\">\r\n<div class=\"cta-centered-bg-section-row-2\">\r\n<div class=\"cta-centered-bg-section-col dynamic-color\" data-type=\"column\">\r\n<h3 class=\"cta-centered-bg-section-title\"><span class=\"cta-centered-bg-section-title-bold\" href=\"#\">No one is afraid of people who smile\u00a0<\/span>by Vanja D\u2019Alcantara<\/h3>\r\n<a class=\"button big transparent white-text\" href=\"https:\/\/dunofilms.fr\/en\/personne-na-peur-des-gens-qui-sourient\/\" target=\"_self\" data-icon=\"fa-arrow-right\" rel=\"noopener\"><span class=\"button-icon fa fa-arrow-right\"><\/span> <\/a>\r\n\r\n<\/div>\r\n<\/div>\r\n<\/div>\r\n<\/div>\r\n<\/div>","protected":false},"excerpt":{"rendered":"<p>Le quotidien pavillonnaire d\u2019un couple de trentenaires est perturb\u00e9 par d\u2019inqui\u00e9tants incidents suite \u00e0 l\u2019apparition soudaine d\u2019une marque cutan\u00e9e sur le visage de leur fils de 6 ans. L\u2019enfant porterait-il malheur ? La m\u00e8re va prendre tous les risques pour sauver sa famille. Quitte \u00e0 s\u2019y perdre elle-m\u00eame. Sc\u00e9nario et r\u00e9alisation : Franck Richard Partenaires&hellip; <br \/> <a class=\"button small blue\" href=\"https:\/\/dunofilms.fr\/en\/de-plumes-et-de-plomb\/\">Read more<\/a><\/p>","protected":false},"author":1,"featured_media":0,"parent":0,"menu_order":0,"comment_status":"closed","ping_status":"closed","template":"full-width-page.php","meta":{"_crdt_document":"","footnotes":""},"class_list":["post-3473","page","type-page","status-publish","hentry"],"_links":{"self":[{"href":"https:\/\/dunofilms.fr\/en\/wp-json\/wp\/v2\/pages\/3473","targetHints":{"allow":["GET"]}}],"collection":[{"href":"https:\/\/dunofilms.fr\/en\/wp-json\/wp\/v2\/pages"}],"about":[{"href":"https:\/\/dunofilms.fr\/en\/wp-json\/wp\/v2\/types\/page"}],"author":[{"embeddable":true,"href":"https:\/\/dunofilms.fr\/en\/wp-json\/wp\/v2\/users\/1"}],"replies":[{"embeddable":true,"href":"https:\/\/dunofilms.fr\/en\/wp-json\/wp\/v2\/comments?post=3473"}],"version-history":[{"count":21,"href":"https:\/\/dunofilms.fr\/en\/wp-json\/wp\/v2\/pages\/3473\/revisions"}],"predecessor-version":[{"id":3972,"href":"https:\/\/dunofilms.fr\/en\/wp-json\/wp\/v2\/pages\/3473\/revisions\/3972"}],"wp:attachment":[{"href":"https:\/\/dunofilms.fr\/en\/wp-json\/wp\/v2\/media?parent=3473"}],"curies":[{"name":"wp","href":"https:\/\/api.w.org\/{rel}","templated":true}]}}