{"id":3371,"date":"2024-01-15T17:37:58","date_gmt":"2024-01-15T16:37:58","guid":{"rendered":"https:\/\/dunofilms.fr\/?page_id=3371"},"modified":"2025-04-08T11:23:19","modified_gmt":"2025-04-08T09:23:19","slug":"lempreinte","status":"publish","type":"page","link":"https:\/\/dunofilms.fr\/en\/lempreinte\/","title":{"rendered":"Golem"},"content":{"rendered":"<div  data-label=\"Content\" data-id=\"content-image-left\" data-category=\"content\" class=\"content-left-image-section content-image-left\" id=\"content-3\" style=\"background-color: #ffffff;\">\n<div  class=\"gridContainer\">\n<div  class=\"row\">\n<div  class=\"content-left-image-imgcol\" data-type=\"column\"><img  decoding=\"async\" src=\"https:\/\/dunofilms.fr\/wp-content\/uploads\/2024\/11\/Ballerine-cover661-uhd-scaled.jpg\" class=\"\" alt=\"\"><\/div>\n<div  class=\"content-left-image-textcol dynamic-color\" data-type=\"column\">\n<p  class=\"large_text\" style=\"text-align: center;\"><span  style=\"color: #000000;\">A sculptor under house arrest for sexual assault will soon realize that he's not alone in his house...<\/span><\/p>\n<p  class=\"\" style=\"text-align: center;\">Director : Franck Richard\n<br ><br >Financial partner: Grand Est Region ( Writing support and Production support for genre films)<\/p>\n\n<\/div>\n<\/div>\n<\/div>\n<\/div><div  data-label=\"Subscribe\" data-id=\"subscribe-centered-section\" data-category=\"subscribe\" class=\"subscribe-centered-section\" id=\"subscribe-2\" style=\"background-image: url(&quot;https:\/\/dunofilms.fr\/wp-content\/uploads\/2024\/01\/cropped-cropped-IMG-20231026-WA0007.jpg&quot;); background-color: rgb(33, 134, 196); background-size: cover; background-position: center top;\" data-ovid=\"ovid-subscribe-2-565\" data-parallax-depth=\"20\">\n<div  class=\"gridContainer dynamic-color\">\n<div  class=\"row\">\n<div  class=\"subscribe-centered-section-wrap white-text\" data-type=\"column\">\n<h3  class=\"subscribe-centered-section-title\"><span  class=\"subscribe-centered-section-span\">Black Powder in The Veins&nbsp;<\/span>by Joseph Couturier<\/h3>\n<a class=\"button big transparent white-text\" href=\"https:\/\/dunofilms.fr\/en\/de-la-poudre-noire-dans-les-veines\/\" target=\"_self\" data-icon=\"fa-arrow-right\" rel=\"noopener\"><span  class=\"button-icon fa fa-arrow-right\"><\/span><\/a>\n\n<\/div>\n<\/div>\n<\/div>\n<\/div>","protected":false},"excerpt":{"rendered":"<p>Un sculpteur assign\u00e9 \u00e0 r\u00e9sidence pour agression sexuelle va vite se rendre compte qu\u2019il n\u2019est pas seul chez lui\u2026 Sc\u00e9nario et r\u00e9alisation : Franck Richard Partenaire : R\u00e9gion Grand Est (Aide \u00e0 l\u2019\u00e9criture et Aide \u00e0 la production des films de genre) De la poudre noire dans les veines&nbsp;de Joseph Couturier<\/p>","protected":false},"author":1,"featured_media":0,"parent":0,"menu_order":0,"comment_status":"closed","ping_status":"closed","template":"full-width-page.php","meta":{"_crdt_document":"","footnotes":""},"class_list":["post-3371","page","type-page","status-publish","hentry"],"_links":{"self":[{"href":"https:\/\/dunofilms.fr\/en\/wp-json\/wp\/v2\/pages\/3371","targetHints":{"allow":["GET"]}}],"collection":[{"href":"https:\/\/dunofilms.fr\/en\/wp-json\/wp\/v2\/pages"}],"about":[{"href":"https:\/\/dunofilms.fr\/en\/wp-json\/wp\/v2\/types\/page"}],"author":[{"embeddable":true,"href":"https:\/\/dunofilms.fr\/en\/wp-json\/wp\/v2\/users\/1"}],"replies":[{"embeddable":true,"href":"https:\/\/dunofilms.fr\/en\/wp-json\/wp\/v2\/comments?post=3371"}],"version-history":[{"count":16,"href":"https:\/\/dunofilms.fr\/en\/wp-json\/wp\/v2\/pages\/3371\/revisions"}],"predecessor-version":[{"id":3851,"href":"https:\/\/dunofilms.fr\/en\/wp-json\/wp\/v2\/pages\/3371\/revisions\/3851"}],"wp:attachment":[{"href":"https:\/\/dunofilms.fr\/en\/wp-json\/wp\/v2\/media?parent=3371"}],"curies":[{"name":"wp","href":"https:\/\/api.w.org\/{rel}","templated":true}]}}