{"id":3288,"date":"2023-01-17T17:06:46","date_gmt":"2023-01-17T16:06:46","guid":{"rendered":"https:\/\/dunofilms.fr\/?page_id=3288"},"modified":"2024-07-24T11:39:46","modified_gmt":"2024-07-24T09:39:46","slug":"juste-une-soiree","status":"publish","type":"page","link":"https:\/\/dunofilms.fr\/en\/juste-une-soiree\/","title":{"rendered":"Just a Party"},"content":{"rendered":"<div  data-label=\"Content\" data-id=\"content-image-left\" data-category=\"content\" class=\"content-left-image-section content-image-left\" id=\"content-3\" style=\"background-color: #ffffff;\">\n<div  class=\"gridContainer\">\n<div  class=\"row\">\n<div  class=\"content-left-image-imgcol\" data-type=\"column\"><img  decoding=\"async\" src=\"https:\/\/dunofilms.fr\/wp-content\/uploads\/2023\/01\/cropped-AdobeStock_68760921.jpeg\" class=\"\" alt=\"\"><\/div>\n<div  class=\"content-left-image-textcol dynamic-color\" data-type=\"column\">\n<p  class=\"large_text\" style=\"text-align: center;\"><span  style=\"color: #000000;\">During a party between friends, a man steals a kiss from one of the guests. This doesn't really shock his old pals, but the victim's reaction causes discord within the group. Eventually, it could explode...<\/span><\/p>\n<p  class=\"\" style=\"text-align: center;\">Director : Julien H\u00e9risson<\/p>\n\n<\/div>\n<\/div>\n<\/div>\n<\/div><div  data-label=\"Subscribe\" data-id=\"subscribe-centered-section\" data-category=\"subscribe\" class=\"subscribe-centered-section\" id=\"subscribe-2\" style=\"background-image: url('https:\/\/dunofilms.fr\/wp-content\/uploads\/2024\/01\/cropped-Couverture.pdf.png'); background-color: #2186c4; background-size: cover; background-position: center top;\" data-ovid=\"ovid-subscribe-2-565\" data-parallax-depth=\"20\">\n<div  class=\"gridContainer dynamic-color\">\n<div  class=\"row\">\n<div  class=\"subscribe-centered-section-wrap white-text\" data-type=\"column\">\n<h3  class=\"subscribe-centered-section-title\"><span  class=\"subscribe-centered-section-span\">Operation Anderson<\/span>&nbsp;by Guillaume Doucet<\/h3>\n<a class=\"button big transparent white-text\" href=\"https:\/\/dunofilms.fr\/en\/operation-anderson\/\" target=\"_self\" data-icon=\"fa-arrow-right\" rel=\"noopener\"><span  class=\"button-icon fa fa-arrow-right\"><\/span><\/a>\n\n<\/div>\n<\/div>\n<\/div>\n<\/div>","protected":false},"excerpt":{"rendered":"<p>Lors d\u2019une soir\u00e9e festive entre amis, un homme vole un baiser \u00e0 l\u2019une des invit\u00e9s. Cela ne choque pas vraiment ses vieux copains mais la r\u00e9action de la victime va semer la discorde au sein de la bande. Jusqu\u2019\u00e0 la faire exploser ? Sc\u00e9nario et r\u00e9alisation : Julien H\u00e9risson Operation Anderson&nbsp;de Guillaume Doucet<\/p>","protected":false},"author":1,"featured_media":0,"parent":0,"menu_order":0,"comment_status":"closed","ping_status":"closed","template":"full-width-page.php","meta":{"_crdt_document":"","footnotes":""},"class_list":["post-3288","page","type-page","status-publish","hentry"],"_links":{"self":[{"href":"https:\/\/dunofilms.fr\/en\/wp-json\/wp\/v2\/pages\/3288","targetHints":{"allow":["GET"]}}],"collection":[{"href":"https:\/\/dunofilms.fr\/en\/wp-json\/wp\/v2\/pages"}],"about":[{"href":"https:\/\/dunofilms.fr\/en\/wp-json\/wp\/v2\/types\/page"}],"author":[{"embeddable":true,"href":"https:\/\/dunofilms.fr\/en\/wp-json\/wp\/v2\/users\/1"}],"replies":[{"embeddable":true,"href":"https:\/\/dunofilms.fr\/en\/wp-json\/wp\/v2\/comments?post=3288"}],"version-history":[{"count":15,"href":"https:\/\/dunofilms.fr\/en\/wp-json\/wp\/v2\/pages\/3288\/revisions"}],"predecessor-version":[{"id":3692,"href":"https:\/\/dunofilms.fr\/en\/wp-json\/wp\/v2\/pages\/3288\/revisions\/3692"}],"wp:attachment":[{"href":"https:\/\/dunofilms.fr\/en\/wp-json\/wp\/v2\/media?parent=3288"}],"curies":[{"name":"wp","href":"https:\/\/api.w.org\/{rel}","templated":true}]}}