{"id":303,"date":"2018-08-03T14:48:21","date_gmt":"2018-08-03T12:48:21","guid":{"rendered":"http:\/\/dunofilms.fr\/?page_id=303"},"modified":"2022-09-01T15:04:13","modified_gmt":"2022-09-01T13:04:13","slug":"luciole","status":"publish","type":"page","link":"https:\/\/dunofilms.fr\/en\/luciole\/","title":{"rendered":"Firefly"},"content":{"rendered":"<div data-label=\"Content\" data-id=\"content-image-left-1\" data-category=\"content\" class=\"content-left-image-section content-image-left-1\" id=\"content-1\" style=\"background-color: #ffffff;\">\r\n<div class=\"gridContainer\">\r\n<div class=\"row\">\r\n<div class=\"content-left-image-imgcol\" data-type=\"column\"><img decoding=\"async\" src=\"http:\/\/dunofilms.fr\/wp-content\/uploads\/2021\/02\/Affiche-Luciole-VF.png\" class=\"\" alt=\"\" \/><\/div>\r\n<div class=\"content-left-image-textcol dynamic-color\" data-type=\"column\">\r\n<p class=\"large_text\" style=\"text-align: center;\"><span style=\"color: #000000;\">Faustine, an unattached young woman, is on the road. As winter approaches, she finds herself penniless in a country village. Desperate for money, she decides to spend the winter in a house without its lonely blind owner's consent.<\/span><\/p>\r\n<p class=\"\" style=\"text-align: center;\">Director : Lucie Pag\u00e8s<\/p>\r\n<p class=\"\" style=\"text-align: center;\">Script : Lucie Pag\u00e8s et Guillaume Collet<\/p>\r\n<p class=\"\" style=\"text-align: center;\">Cast : Victoire Du Bois, Lou Castel<\/p>\r\n<p class=\"\" style=\"text-align: center;\">DOP : Nicolas Berteyac<\/p>\r\n<p class=\"\" style=\"text-align: center;\">Music : Emile Cooper Leplay<\/p>\r\n<p class=\"\" style=\"text-align: center;\">Distributor : Manifest<\/p>\r\n<p class=\"\" style=\"text-align: center;\">Broadcast : M\u00e8che Courte<\/p>\r\n<p class=\"\" style=\"text-align: center;\">Financial partners : Auvergne - Rh\u00f4ne - Alpes Region, National Cinema Center, Festivals Grant - Villeurbanne Festival, Adami, Procirep-Angoa<\/p>\r\n<p class=\"\" style=\"text-align: center;\">Festival selections : <span style=\"font-weight: 300;\"><span style=\"color: #000000;\">Amity Short Film Festival 2021 (Turkey)<\/span> \/ Festival Entr\u20192 Marches (France)<\/span><\/p>\r\n\r\n<h5 class=\"\" style=\"text-align: center;\">2020<\/h5>\r\n<\/div>\r\n<\/div>\r\n<\/div>\r\n<\/div>\r\n<div data-label=\"Cta\" data-id=\"cta-centered-bg-section\" data-category=\"cta\" class=\"cta-centered-bg-section white-text\" data-parallax-depth=\"20\" id=\"cta-1\" style=\"background-color: #f6f6f6; background-image: url('http:\/\/dunofilms.fr\/wp-content\/uploads\/2021\/02\/cropped-cropped-DPDP-FINAL_2.png'); background-size: cover; background-position: center top;\" data-ovid=\"ovid-cta-1-2544\">\r\n<div class=\"gridContainer\">\r\n<div class=\"cta-centered-bg-section-row\">\r\n<div class=\"cta-centered-bg-section-row-2\">\r\n<div class=\"cta-centered-bg-section-col dynamic-color\" data-type=\"column\">\r\n<h3 class=\"cta-centered-bg-section-title\"><span class=\"cta-centered-bg-section-title-bold\" href=\"#\">Our Feathers and Lead\u00a0<\/span>by Sylvain Icart<\/h3>\r\n<a class=\"button big transparent white-text\" href=\"https:\/\/dunofilms.fr\/en\/de-plumes-et-de-plomb\/\" target=\"_self\" data-icon=\"fa-arrow-right\" rel=\"noopener\"><span class=\"button-icon fa fa-arrow-right\"><\/span> <\/a>\r\n\r\n<\/div>\r\n<\/div>\r\n<\/div>\r\n<\/div>\r\n<\/div>","protected":false},"excerpt":{"rendered":"<p>Faustine une jeune femme sans attache fait la route. Alors que l\u2019hiver approche, elle se retrouve d\u00e9pourvue d\u2019argent dans un village de campagne. D\u00e9munie, elle d\u00e9cide de passer l\u2019hiver dans une maison \u00e0 l\u2019insu de son propri\u00e9taire, un aveugle solitaire. R\u00e9alisation : Lucie Pag\u00e8s Sc\u00e9nario : Lucie Pag\u00e8s et Guillaume Collet Casting : Victoire Du&hellip; <br \/> <a class=\"button small blue\" href=\"https:\/\/dunofilms.fr\/en\/de-plumes-et-de-plomb\/\">Read more<\/a><\/p>","protected":false},"author":1,"featured_media":0,"parent":0,"menu_order":0,"comment_status":"closed","ping_status":"closed","template":"full-width-page.php","meta":{"_crdt_document":"","footnotes":""},"class_list":["post-303","page","type-page","status-publish","hentry"],"_links":{"self":[{"href":"https:\/\/dunofilms.fr\/en\/wp-json\/wp\/v2\/pages\/303","targetHints":{"allow":["GET"]}}],"collection":[{"href":"https:\/\/dunofilms.fr\/en\/wp-json\/wp\/v2\/pages"}],"about":[{"href":"https:\/\/dunofilms.fr\/en\/wp-json\/wp\/v2\/types\/page"}],"author":[{"embeddable":true,"href":"https:\/\/dunofilms.fr\/en\/wp-json\/wp\/v2\/users\/1"}],"replies":[{"embeddable":true,"href":"https:\/\/dunofilms.fr\/en\/wp-json\/wp\/v2\/comments?post=303"}],"version-history":[{"count":73,"href":"https:\/\/dunofilms.fr\/en\/wp-json\/wp\/v2\/pages\/303\/revisions"}],"predecessor-version":[{"id":3250,"href":"https:\/\/dunofilms.fr\/en\/wp-json\/wp\/v2\/pages\/303\/revisions\/3250"}],"wp:attachment":[{"href":"https:\/\/dunofilms.fr\/en\/wp-json\/wp\/v2\/media?parent=303"}],"curies":[{"name":"wp","href":"https:\/\/api.w.org\/{rel}","templated":true}]}}