{"id":289,"date":"2018-08-03T13:37:05","date_gmt":"2018-08-03T11:37:05","guid":{"rendered":"http:\/\/dunofilms.fr\/?page_id=289"},"modified":"2022-09-01T11:55:00","modified_gmt":"2022-09-01T09:55:00","slug":"gronde-marmaille","status":"publish","type":"page","link":"https:\/\/dunofilms.fr\/en\/gronde-marmaille\/","title":{"rendered":"Rain, Rain, Run Away"},"content":{"rendered":"<div data-label=\"Content\" data-id=\"content-image-left\" data-category=\"content\" class=\"content-left-image-section content-image-left\" id=\"content-3\" style=\"background-color: #ffffff;\">\r\n<div class=\"gridContainer\">\r\n<div class=\"row\">\r\n<div class=\"content-left-image-imgcol\" data-type=\"column\"><img decoding=\"async\" src=\"http:\/\/dunofilms.fr\/wp-content\/uploads\/2019\/05\/gronde_marmaille_affiche.jpg\" class=\"\" alt=\"\" \/><\/div>\r\n<div class=\"content-left-image-textcol dynamic-color\" data-type=\"column\">\r\n<p class=\"large_text\" style=\"text-align: center;\"><span style=\"color: #000000;\">End of August. In the afternoon. Boubou (7) is getting bored in the campsite. Around her, heatwave and nap. Her parents are making \"their love\" in the caravan. She decides to run away in the bushes and invites Dani to play with the storm.<\/span><\/p>\r\n<p class=\"\" style=\"text-align: center;\">Director : Cl\u00e9mentine Carri\u00e9<\/p>\r\n<p class=\"\" style=\"text-align: center;\">Cast : Silo\u00e9 Lecorps, Guillaume Vidry<\/p>\r\n<p class=\"\" style=\"text-align: center;\">DOP : Yann Maritaud<\/p>\r\n<p class=\"\" style=\"text-align: center;\">Music : Mike Ponton<\/p>\r\n<p class=\"\" style=\"text-align: center;\">Distributor : Manifest<\/p>\r\n<p class=\"\" style=\"text-align: center;\">Financial partners : Occitania Region, Auvergne - Rh\u00f4ne - Alpes Region, Lumi\u00e8res Num\u00e9riques Society, SACEM - Maison du Film, Procirep-Angoa<\/p>\r\n<p class=\"\" style=\"text-align: center;\">Festival selections (France) : <span style=\"font-weight: 300;\"><span style=\"color: #000000;\">Plein la Bobine Festival<\/span> \/ Clermont-Ferrand International Short Film Festival \/ <span style=\"color: #000000;\">Gindou Cinema Meetings<\/span> \/ Des Notes et des Toiles Festival \/ <span style=\"color: #000000;\">Brest European Short Film Festival<\/span> \/ Court en Sc\u00e8ne Festival \/ <span style=\"color: #000000;\">Montpellier International Mediterranean Film Festival<\/span> \/ Villeurbanne Short Film Festival \/ <span style=\"color: #000000;\">Evreux International Short Film Festival<\/span> \/ MyFrenchFilmFestival \/ <span style=\"color: #000000;\">Combat Festival<\/span> \/ Regards de l\u2019ICART \/ <span style=\"color: #000000;\">C\u2019est pas la taille qui compte Festival<\/span> \/ Format Court Festival<\/span><\/p>\r\n<p class=\"\" style=\"text-align: center;\">Festival selections (International) : <span style=\"font-weight: 300;\"><span style=\"color: #000000;\">Mo&amp;Friese Children\u2019s Short Film Festival Hamburg (Germany)<\/span> \/ Short Film Festival Oberhausen \u2013 The Children\u2019s and Youth Film Competition (Germany) \/ <span style=\"color: #000000;\">Palm Springs International ShortFest (USA)<\/span> \/ Cisterna Film Festival (Italy) \/ <span style=\"color: #000000;\">Mediterranean Film Festival in Split (Croatia)<\/span> \/ Manlleu Film Festival (Espagne) \/ <span style=\"color: #000000;\">Flickers\u2019 Rhode Island International Film Festival (USA)<\/span> \/ Beach Film Festival (North Macedonia) \/ <span style=\"color: #000000;\">Lviv International Short Film Festival Wiz-Art (Ukraine)<\/span> \/ Smile International Film Festival for Children and Youth (India) \/ <span style=\"color: #000000;\">Festival de Cin\u00e9ma de la Ville de Qu\u00e9bec (Canada)<\/span> \/ BFI London Film Festival (UK) \/ <span style=\"color: #000000;\">Milano Film Festival (Italy)<\/span> \/ KUKI Teenscreen \u2013 International Short Film Festival for Children and Youth (Germany) \/ <span style=\"color: #000000;\">Olympia International Film Festival for Children and Young People (Greece)<\/span>\/ Festival du Film Fran\u00e7ais de Jeju (South Korea) \/ <span style=\"color: #000000;\">Gaztefilmfest (Spain)<\/span>\/ Curta Brasilia \u2013 International Short Film Festival (Brazil) \/ <span style=\"color: #000000;\">Hainan Island International Film Festival (China)<\/span>\/ Flickerfest International Short Film Festival (Australia) \/ <span style=\"color: #000000;\">International Short Film Festival of Larissa (Greece)<\/span>\/ BUFF Malm\u00f6 Film Festival (Sweden) \/ <span style=\"color: #000000;\">International Short Film Week Regensburg (Germany)<\/span>\/ Le Caroussel Internantional du Film de Rimouski (Canada) \/ <span style=\"color: #000000;\">FilmFest Dresden (Germany)<\/span>\/ Skepto Film Festival (Italy) \/ <span style=\"color: #000000;\">Corti a Ponte Short Film Festival (Italy)<\/span>\/ ShorTS International Film Festival (Italy) \/ <span style=\"color: #000000;\">OIFF Short Film Festival (Italy)<\/span>\/ Live at Heart Film Program and the Short Film Competition (Sweden) \/ <span style=\"color: #000000;\">Cabbagetown Short Film Festival (Canada)<\/span>\/ Malta Short Film Festival (Malta) \/ <span style=\"color: #000000;\">Two Riversides Film and Art Festival (Poland)<\/span>\/ Short Film Festival Corti a Ponte (Italy) \/ <span style=\"color: #000000;\">Tortona Indie Film Session (Italy)<\/span>\/ Torino Underground Cinefest (Italy)<\/span><\/p>\r\n<p class=\"\" style=\"text-align: center;\">Awards : <span style=\"font-weight: 300;\">Best Music in a Short Film \u2013 Des Notes et des Toiles Festival \/ Special Mention at KUKI \u2013 International Short Film Festival for Children and Young (Germany) \/ Best Short Fiction Film Award \u2013 Olympia International Film Festival for Children and Young People (Greexe) \/ Best actress \u2013 Gruissan Short Film Festival \/ Best director award \u2013 Malta Short Film Festival (Malta) \/ Best Film Award \u2013 Malta Short Film Festival (Malta) \/ Special mention award to Silo\u00e9 Lecorps \u2013 Malta Short Film Festival (Malta)<\/span><\/p>\r\n\r\n<h5 class=\"\" style=\"text-align: center;\">2019<\/h5>\r\n<\/div>\r\n<\/div>\r\n<\/div>\r\n<\/div>\r\n<div data-label=\"Content\" data-id=\"video-on-bottom\" data-category=\"content\" class=\"row_292 video-on-bottom\" id=\"content-4\" style=\"background-color: #ffffff; background-image: none;\" data-ovid=\"ovid-content-4-107\">\r\n<div class=\"gridContainer\">\r\n<div class=\"row\">\r\n<div class=\"column_269 dynamic-color\">\r\n<h3 style=\"text-align: center;\"><span style=\"font-weight: 400;\">Teaser<\/span><\/h3>\r\n<div class=\"row_296\">\r\n<div class=\"content-center-video-imgcol\" data-bg=\"image\" data-type=\"group\" style=\"background-image: url('http:\/\/dunofilms.fr\/wp-content\/uploads\/2019\/05\/cropped-gronde_marmaille_affiche-1.jpg');\"><a data-fancybox=\"\" href=\"https:\/\/vimeo.com\/362062143\" data-video-lightbox=\"true\" class=\"\"> <i class=\"font-icon-video-on-bottom fa fa-play-circle-o color6\" data-cp-fa=\"true\"><\/i><\/a><\/div>\r\n<\/div>\r\n<\/div>\r\n<\/div>\r\n<\/div>\r\n<\/div>\r\n<div data-label=\"Cta\" data-id=\"cta-centered-bg-section\" data-category=\"cta\" class=\"cta-centered-bg-section white-text\" data-parallax-depth=\"20\" id=\"cta-1\" style=\"background-color: #f6f6f6; background-image: url('http:\/\/dunofilms.fr\/wp-content\/uploads\/2018\/08\/cropped-GWBP-2.jpg'); background-size: cover; background-position: center top;\" data-ovid=\"ovid-cta-1-2576\">\r\n<div class=\"gridContainer\">\r\n<div class=\"cta-centered-bg-section-row\">\r\n<div class=\"cta-centered-bg-section-row-2\">\r\n<div class=\"cta-centered-bg-section-col dynamic-color\" data-type=\"column\">\r\n<h3 class=\"cta-centered-bg-section-title\"><span class=\"cta-centered-bg-section-title-bold\" href=\"#\">Girl with a backpack\u00a0<\/span>by Thibault Durand<\/h3>\r\n<a class=\"button big transparent white-text\" href=\"https:\/\/dunofilms.fr\/en\/girl-with-a-backpack\/\" target=\"_self\" data-icon=\"fa-arrow-right\" rel=\"noopener\"><span class=\"button-icon fa fa-arrow-right\"><\/span> <\/a>\r\n\r\n<\/div>\r\n<\/div>\r\n<\/div>\r\n<\/div>\r\n<\/div>","protected":false},"excerpt":{"rendered":"<p>Fin ao\u00fbt. Une apr\u00e8s-midi. Boubou, une fillette de sept ans, s\u2019ennuie sur le camping. Partout, c\u2019est la canicule et la sieste. Ses parents font \u00ableur amour\u00bb dans la caravane. Elle fuit le camping pour les broussailles d\u2019\u00e0 c\u00f4t\u00e9 et entra\u00eene Dani trafiquer avec l\u2019orage. Sc\u00e9nario et r\u00e9alisation : Cl\u00e9mentine Carri\u00e9 Casting : Silo\u00e9 Lecorps, Guillaume&hellip; <br \/> <a class=\"button small blue\" href=\"https:\/\/dunofilms.fr\/en\/de-plumes-et-de-plomb\/\">Read more<\/a><\/p>","protected":false},"author":1,"featured_media":0,"parent":0,"menu_order":0,"comment_status":"closed","ping_status":"closed","template":"full-width-page.php","meta":{"_crdt_document":"","footnotes":""},"class_list":["post-289","page","type-page","status-publish","hentry"],"_links":{"self":[{"href":"https:\/\/dunofilms.fr\/en\/wp-json\/wp\/v2\/pages\/289","targetHints":{"allow":["GET"]}}],"collection":[{"href":"https:\/\/dunofilms.fr\/en\/wp-json\/wp\/v2\/pages"}],"about":[{"href":"https:\/\/dunofilms.fr\/en\/wp-json\/wp\/v2\/types\/page"}],"author":[{"embeddable":true,"href":"https:\/\/dunofilms.fr\/en\/wp-json\/wp\/v2\/users\/1"}],"replies":[{"embeddable":true,"href":"https:\/\/dunofilms.fr\/en\/wp-json\/wp\/v2\/comments?post=289"}],"version-history":[{"count":104,"href":"https:\/\/dunofilms.fr\/en\/wp-json\/wp\/v2\/pages\/289\/revisions"}],"predecessor-version":[{"id":3183,"href":"https:\/\/dunofilms.fr\/en\/wp-json\/wp\/v2\/pages\/289\/revisions\/3183"}],"wp:attachment":[{"href":"https:\/\/dunofilms.fr\/en\/wp-json\/wp\/v2\/media?parent=289"}],"curies":[{"name":"wp","href":"https:\/\/api.w.org\/{rel}","templated":true}]}}