{"id":2857,"date":"2022-08-17T13:43:51","date_gmt":"2022-08-17T11:43:51","guid":{"rendered":"http:\/\/dunofilms.fr\/?page_id=2857"},"modified":"2024-08-30T16:27:54","modified_gmt":"2024-08-30T14:27:54","slug":"la-charge-mentale","status":"publish","type":"page","link":"https:\/\/dunofilms.fr\/en\/la-charge-mentale\/","title":{"rendered":"Wife Carrying"},"content":{"rendered":"<div  data-label=\"Content\" data-id=\"content-image-left\" data-category=\"content\" class=\"content-left-image-section content-image-left\" id=\"content-3\" style=\"background-color: #ffffff;\">\n<div  class=\"gridContainer\">\n<div  class=\"row\">\n<div  class=\"content-left-image-imgcol\" data-type=\"column\"><img  decoding=\"async\" src=\"https:\/\/dunofilms.fr\/wp-content\/uploads\/2023\/01\/Affiche_LA-CHARGE-MENTALE_02_lightBB.png\" class=\"\" alt=\"\"><\/div>\n<div  class=\"content-left-image-textcol dynamic-color\" data-type=\"column\">\n<h4  class=\"\" style=\"text-align: center;\">People in the village say that Denis and C\u00e9line are having a bit of a relationship problem. Touched in his virility, Denis decides to enter a wife-carrying race hoping to regain self-esteem and respect.<\/h4>\n<p  class=\"\" style=\"text-align: center;\">Directors : Mathias and Colas Rifkiss<\/p>\n<p  style=\"text-align: center;\" class=\"\">Coproduction : Betwin us Films<\/p>\n<p  style=\"text-align: center;\" class=\"\">Cast : S\u00e9bastien Chassagne, Louise Massin<\/p>\n<p  class=\"\" style=\"text-align: center;\">DOP : Romain Fisson<\/p>\n<p  style=\"text-align: center;\" class=\"\">Distributor : Manifest<\/p>\n<p  style=\"text-align: center;\" class=\"\">Broadcast : Canal +<\/p>\n\n<p  style=\"text-align: center;\" class=\"\">Festival selections : 32 national and international festivals, incl.:\n<br >Clermont-Ferrand International Short Film Festival, 2023\n<br >Tous courts Festival - Out of Competition, Opening Program, 2023<br >Indy Shorts International Film Festival \u2013 Official Competion (Indianapolis, USA), 2023\n<br >Festival International du Film Francophone de Namur (FIFF) - Official Competition, Opening Film (Belgium), 2023<\/p>\n\n\n\n<p  style=\"text-align: center;\" class=\"\">Awards : Adult Audience Award - Chacun son court Festival \/ Best Actress Award - La Balade des Courts Festival \/ Special Jury Mention - Dinan Festival \/ Best Regional Film Award - Filmoramax \/ Best Actress Award (Louise Massin) - Huellas Festival \/ Double Best Actor Award (S\u00e9bastien Chassagne and Louise Massin) - V\u00e9bron International Film Festival \/ Originality Award - Saint-Bel Auralpin Film Festival \/ Audience Award - Courts du vendredi of Bourg-en-Bresse<\/p>\n\n<h5  style=\"text-align: center;\" class=\"\"><span  style=\"color: #000000;\">2022<\/span><\/h5>\n<\/div>\n<\/div>\n<\/div>\n<\/div><div  data-label=\"Cta\" data-id=\"cta-centered-bg-section\" data-category=\"cta\" class=\"cta-centered-bg-section white-text\" data-parallax-depth=\"20\" id=\"cta-1\" style=\"background-color: #f6f6f6; background-image: url('https:\/\/dunofilms.fr\/wp-content\/uploads\/2022\/07\/cropped-1.6.2_1.6.2.jpg'); background-size: cover; background-position: center top;\" data-ovid=\"ovid-cta-1-2629\">\n<div  class=\"gridContainer\">\n<div  class=\"cta-centered-bg-section-row\">\n<div  class=\"cta-centered-bg-section-row-2\">\n<div  class=\"cta-centered-bg-section-col dynamic-color\" data-type=\"column\">\n<h3  class=\"cta-centered-bg-section-title\"><span  class=\"cta-centered-bg-section-title-bold\" href=\"#\">Impatient pains&nbsp;<\/span>by Marisa Ingold<\/h3>\n<a class=\"button big transparent white-text\" href=\"https:\/\/dunofilms.fr\/en\/les-douleurs-impatientes\/\" target=\"_self\" data-icon=\"fa-arrow-right\" rel=\"noopener\"><span  class=\"button-icon fa fa-arrow-right\"><\/span> <\/a>\n\n<\/div>\n<\/div>\n<\/div>\n<\/div>\n<\/div>","protected":false},"excerpt":{"rendered":"<p>Au village, on dit que Denis et C\u00e9line ont un petit probl\u00e8me de couple. Touch\u00e9 dans sa virilit\u00e9, Denis d\u00e9cide alors de s\u2019inscrire \u00e0 une course de porter d\u2019\u00e9pouse dans l\u2019espoir de regagner estime et respect. Sc\u00e9nario et r\u00e9alisation : Mathias et Colas Rifkiss Coproduction : Betwin us Films Casting : S\u00e9bastien Chassagne, Louise Massin&hellip; <br \/> <a class=\"button small blue\" href=\"https:\/\/dunofilms.fr\/en\/de-plumes-et-de-plomb\/\">Read more<\/a><\/p>","protected":false},"author":1,"featured_media":0,"parent":0,"menu_order":0,"comment_status":"closed","ping_status":"closed","template":"full-width-page.php","meta":{"_crdt_document":"","footnotes":""},"class_list":["post-2857","page","type-page","status-publish","hentry"],"_links":{"self":[{"href":"https:\/\/dunofilms.fr\/en\/wp-json\/wp\/v2\/pages\/2857","targetHints":{"allow":["GET"]}}],"collection":[{"href":"https:\/\/dunofilms.fr\/en\/wp-json\/wp\/v2\/pages"}],"about":[{"href":"https:\/\/dunofilms.fr\/en\/wp-json\/wp\/v2\/types\/page"}],"author":[{"embeddable":true,"href":"https:\/\/dunofilms.fr\/en\/wp-json\/wp\/v2\/users\/1"}],"replies":[{"embeddable":true,"href":"https:\/\/dunofilms.fr\/en\/wp-json\/wp\/v2\/comments?post=2857"}],"version-history":[{"count":20,"href":"https:\/\/dunofilms.fr\/en\/wp-json\/wp\/v2\/pages\/2857\/revisions"}],"predecessor-version":[{"id":3909,"href":"https:\/\/dunofilms.fr\/en\/wp-json\/wp\/v2\/pages\/2857\/revisions\/3909"}],"wp:attachment":[{"href":"https:\/\/dunofilms.fr\/en\/wp-json\/wp\/v2\/media?parent=2857"}],"curies":[{"name":"wp","href":"https:\/\/api.w.org\/{rel}","templated":true}]}}