{"id":2726,"date":"2022-07-21T17:51:58","date_gmt":"2022-07-21T15:51:58","guid":{"rendered":"https:\/\/dunofilms.fr\/?page_id=2726"},"modified":"2025-10-27T15:21:44","modified_gmt":"2025-10-27T14:21:44","slug":"de-la-poudre-noire-dans-les-veines","status":"publish","type":"page","link":"https:\/\/dunofilms.fr\/en\/de-la-poudre-noire-dans-les-veines\/","title":{"rendered":"Black Powder in The Veins"},"content":{"rendered":"<div data-label=\"Content\" data-id=\"content-image-left\" data-category=\"content\" class=\"content-left-image-section content-image-left\" id=\"content-3\" style=\"background-color: #ffffff;\">\r\n<div class=\"gridContainer\">\r\n<div class=\"row\">\r\n<div class=\"content-left-image-imgcol\" data-type=\"column\"><img decoding=\"async\" src=\"https:\/\/dunofilms.fr\/wp-content\/uploads\/2024\/06\/Affiche_PoudreNoir_VF-compresse-scaled.jpg\" class=\"\" alt=\"\" \/><\/div>\r\n<div class=\"content-left-image-textcol dynamic-color\" data-type=\"column\">\r\n\r\n&nbsp;\r\n\r\n&nbsp;\r\n\r\n&nbsp;\r\n<p style=\"text-align: center;\"><span style=\"color: #000000;\">Sur une plage au sud de la France, \u00e0 l\u2019issue d\u2019un feu d\u2019artifice manqu\u00e9, Philippe, artificier de 65 ans, accuse le coup. Il s\u2019en prend \u00e0 sa fille, M\u00e9lodie, 30 ans, revenue travailler deux ans plus t\u00f4t au sein de l\u2019entreprise familiale. L\u2019affrontement p\u00e8re-fille donne lieu \u00e0 des feux nourris, au propre comme au figur\u00e9.<\/span><\/p>\r\n&nbsp;\r\n<p style=\"text-align: center;\">Director : Joseph Couturier<\/p>\r\n&nbsp;\r\n<p style=\"text-align: center;\">Cast : Denis Lavant and Pauline Drach<\/p>\r\n&nbsp;\r\n<p style=\"text-align: center;\">DOP : Yann Maritaud<\/p>\r\n&nbsp;\r\n<p style=\"text-align: center;\">Music : Lisa Chevalier<\/p>\r\n&nbsp;\r\n<p style=\"text-align: center;\">Distributor : Manifest<\/p>\r\n&nbsp;\r\n<p style=\"text-align: center;\">Partenaires : R\u00e9gion Sud,\u00a0M\u00e9tropole d\u2019Aix-Marseille-Provence, SACEM &amp; ALCIM\u00c9, Procirep \u2013 Angoa<\/p>\r\n&nbsp;\r\n<p style=\"text-align: center;\">S\u00e9lections en festivals \u2013 France :\r\nFestival Music &amp; Cinema Marseille 2025\r\nFestival R\u00eaves de Court 2025\r\nFestival Eurydice du court-m\u00e9trage 2025<\/p>\r\n&nbsp;\r\n<p style=\"text-align: center;\">S\u00e9lections en festivals \u2013 Etrangers :\r\nPsarokokalo International Short Film Festival 2025 (Gr\u00e8ce)\r\nLublin Film Festival 2025 (Pologne)<\/p>\r\n&nbsp;\r\n<p style=\"text-align: center;\"><span style=\"color: #232323;\">2024<\/span><\/p>\r\n\r\n<\/div>\r\n<\/div>\r\n<\/div>\r\n<\/div>\r\n<div data-label=\"Subscribe\" data-id=\"subscribe-centered-section\" data-category=\"subscribe\" class=\"subscribe-centered-section content-relative\" id=\"subscribe-2\" style=\"background-image: url('https:\/\/dunofilms.fr\/wp-content\/uploads\/2022\/11\/cropped-Sequence-01.00_02_08_21.Still004.png'); background-color: #2186c4; background-size: cover; background-position: center top;\" data-ovid=\"ovid-subscribe-2-565\">\r\n<div class=\"gridContainer dynamic-color\">\r\n<div class=\"row\">\r\n<div class=\"subscribe-centered-section-wrap white-text\" data-type=\"column\">\r\n<h3 class=\"subscribe-centered-section-title\"><span class=\"subscribe-centered-section-span\">A Queen<\/span>\u00a0by Benjamin Behaeghel<\/h3>\r\n<a class=\"button big transparent white-text\" href=\"https:\/\/dunofilms.fr\/en\/une-reine\/\" target=\"_self\" data-icon=\"fa-arrow-right\" rel=\"noopener\"><span class=\"button-icon fa fa-arrow-right\"><\/span><\/a>\r\n\r\n<\/div>\r\n<\/div>\r\n<\/div>\r\n<\/div>","protected":false},"excerpt":{"rendered":"<p>&nbsp; &nbsp; &nbsp; Sur une plage au sud de la France, \u00e0 l\u2019issue d\u2019un feu d\u2019artifice manqu\u00e9, Philippe, artificier de 65 ans, accuse le coup. Il s\u2019en prend \u00e0 sa fille, M\u00e9lodie, 30 ans, revenue travailler deux ans plus t\u00f4t au sein de l\u2019entreprise familiale. L\u2019affrontement p\u00e8re-fille donne lieu \u00e0 des feux nourris, au propre&hellip; <br \/> <a class=\"button small blue\" href=\"https:\/\/dunofilms.fr\/en\/de-plumes-et-de-plomb\/\">Read more<\/a><\/p>","protected":false},"author":1,"featured_media":0,"parent":0,"menu_order":0,"comment_status":"closed","ping_status":"closed","template":"full-width-page.php","meta":{"_crdt_document":"","footnotes":""},"class_list":["post-2726","page","type-page","status-publish","hentry"],"_links":{"self":[{"href":"https:\/\/dunofilms.fr\/en\/wp-json\/wp\/v2\/pages\/2726","targetHints":{"allow":["GET"]}}],"collection":[{"href":"https:\/\/dunofilms.fr\/en\/wp-json\/wp\/v2\/pages"}],"about":[{"href":"https:\/\/dunofilms.fr\/en\/wp-json\/wp\/v2\/types\/page"}],"author":[{"embeddable":true,"href":"https:\/\/dunofilms.fr\/en\/wp-json\/wp\/v2\/users\/1"}],"replies":[{"embeddable":true,"href":"https:\/\/dunofilms.fr\/en\/wp-json\/wp\/v2\/comments?post=2726"}],"version-history":[{"count":38,"href":"https:\/\/dunofilms.fr\/en\/wp-json\/wp\/v2\/pages\/2726\/revisions"}],"predecessor-version":[{"id":3912,"href":"https:\/\/dunofilms.fr\/en\/wp-json\/wp\/v2\/pages\/2726\/revisions\/3912"}],"wp:attachment":[{"href":"https:\/\/dunofilms.fr\/en\/wp-json\/wp\/v2\/media?parent=2726"}],"curies":[{"name":"wp","href":"https:\/\/api.w.org\/{rel}","templated":true}]}}