{"id":2636,"date":"2022-07-19T16:16:35","date_gmt":"2022-07-19T14:16:35","guid":{"rendered":"https:\/\/dunofilms.fr\/?page_id=2636"},"modified":"2022-09-01T09:54:37","modified_gmt":"2022-09-01T07:54:37","slug":"egeries","status":"publish","type":"page","link":"https:\/\/dunofilms.fr\/en\/egeries\/","title":{"rendered":"\u00c9geries"},"content":{"rendered":"<div data-label=\"Content\" data-id=\"content-image-left\" data-category=\"content\" class=\"content-left-image-section content-image-left content-relative\" id=\"content-3\" style=\"background-color: #f6f6f6; background-image: none;\" data-ovid=\"ovid-content-3-127\">\r\n<div class=\"gridContainer\">\r\n<div class=\"row\">\r\n<div class=\"content-left-image-imgcol\" data-type=\"column\"><img decoding=\"async\" src=\"http:\/\/dunofilms.fr\/wp-content\/uploads\/2022\/07\/photo-1561926797-fa9e23386fe6.jpeg\" class=\"\" alt=\"\" \/><\/div>\r\n<div class=\"content-left-image-textcol dynamic-color\" data-type=\"column\">\r\n<h4 class=\"large_text\" style=\"text-align: center;\">Une guide emm\u00e8ne une adolescente non voyante \u00e0 une exposition. Au fil des photographies, un dialogue \u00e9tonnant se tisse entre la jeune femme, l\u2019adolescente et les oeuvres.<\/h4>\r\n<p class=\"\" style=\"text-align: center;\">Director : Guillaume Doucet<\/p>\r\n\r\n<\/div>\r\n<\/div>\r\n<\/div>\r\n<\/div>\r\n<div data-label=\"Cta\" data-id=\"cta-centered-bg-section\" data-category=\"cta\" class=\"cta-centered-bg-section white-text\" id=\"cta-1\" style=\"background-color: #f6f6f6; background-image: url('http:\/\/dunofilms.fr\/wp-content\/uploads\/2021\/11\/cropped-cropped-Capture-de\u0301cran-2021-11-04-a\u0300-16.54.40-1.png'); background-size: cover; background-position: center top;\" data-ovid=\"ovid-cta-1-121\" data-parallax-depth=\"20\">\r\n<div class=\"gridContainer\">\r\n<div class=\"cta-centered-bg-section-row\">\r\n<div class=\"cta-centered-bg-section-row-2\">\r\n<div class=\"cta-centered-bg-section-col dynamic-color\" data-type=\"column\">\r\n<h3 class=\"cta-centered-bg-section-title\"><span class=\"cta-centered-bg-section-title-bold\" href=\"#\">Une Reine\u00a0<\/span>by Benjamin Behaeghel<\/h3>\r\n<a class=\"button big transparent white-text\" href=\"https:\/\/dunofilms.fr\/en\/une-reine\/\" target=\"_self\" data-icon=\"fa-arrow-right\" rel=\"noopener\"><span class=\"button-icon fa fa-arrow-right\"><\/span> <\/a>\r\n\r\n<\/div>\r\n<\/div>\r\n<\/div>\r\n<\/div>\r\n<\/div>","protected":false},"excerpt":{"rendered":"<p>Une guide emm\u00e8ne une adolescente non voyante \u00e0 une exposition. Au fil des photographies, un dialogue \u00e9tonnant se tisse entre la jeune femme, l\u2019adolescente et les oeuvres. Sc\u00e9nario et r\u00e9alisation : Guillaume Doucet Une Reine\u00a0de Benjamin Behaeghel<\/p>","protected":false},"author":1,"featured_media":0,"parent":0,"menu_order":0,"comment_status":"closed","ping_status":"closed","template":"full-width-page.php","meta":{"_crdt_document":"","footnotes":""},"class_list":["post-2636","page","type-page","status-publish","hentry"],"_links":{"self":[{"href":"https:\/\/dunofilms.fr\/en\/wp-json\/wp\/v2\/pages\/2636","targetHints":{"allow":["GET"]}}],"collection":[{"href":"https:\/\/dunofilms.fr\/en\/wp-json\/wp\/v2\/pages"}],"about":[{"href":"https:\/\/dunofilms.fr\/en\/wp-json\/wp\/v2\/types\/page"}],"author":[{"embeddable":true,"href":"https:\/\/dunofilms.fr\/en\/wp-json\/wp\/v2\/users\/1"}],"replies":[{"embeddable":true,"href":"https:\/\/dunofilms.fr\/en\/wp-json\/wp\/v2\/comments?post=2636"}],"version-history":[{"count":9,"href":"https:\/\/dunofilms.fr\/en\/wp-json\/wp\/v2\/pages\/2636\/revisions"}],"predecessor-version":[{"id":3105,"href":"https:\/\/dunofilms.fr\/en\/wp-json\/wp\/v2\/pages\/2636\/revisions\/3105"}],"wp:attachment":[{"href":"https:\/\/dunofilms.fr\/en\/wp-json\/wp\/v2\/media?parent=2636"}],"curies":[{"name":"wp","href":"https:\/\/api.w.org\/{rel}","templated":true}]}}