{"id":2417,"date":"2021-02-08T17:11:55","date_gmt":"2021-02-08T16:11:55","guid":{"rendered":"http:\/\/dunofilms.fr\/?page_id=2417"},"modified":"2025-04-08T11:13:37","modified_gmt":"2025-04-08T09:13:37","slug":"mauvaise-graine-2","status":"publish","type":"page","link":"https:\/\/dunofilms.fr\/en\/mauvaise-graine-2\/","title":{"rendered":"BAD SEED"},"content":{"rendered":"<div  id=\"content-3\" class=\"content-left-image-section content-image-left dark-text-section\" style=\"background-color: #ffffff; background-image: none;\" data-label=\"Content\" data-id=\"content-image-left\" data-category=\"content\" data-ovid=\"ovid-content-3-627\">\n<div  class=\"gridContainer\">\n<div  class=\"row\">\n<div  class=\"content-left-image-imgcol\" data-type=\"column\"><img  decoding=\"async\" class=\"\" src=\"https:\/\/dunofilms.fr\/wp-content\/uploads\/2022\/03\/Affiche-MG.jpeg\" alt=\"\"><\/div>\n<div  style=\"height: 45px; display: block;\"><\/div>\n<div  class=\"content-left-image-textcol dynamic-color\" data-type=\"column\" style=\"text-align: center;\">\n<h4  style=\"margin: auto auto; font-size: medium; font-family: Calibri, sans-serif; caret-color: #000000; color: #000000; text-align: center;\" class=\"\"><span  style=\"color: #000000;\"><span  style=\"font-family: Source Sans Pro, arial, helvetica, sans-serif;\"><span  style=\"font-size: 16px;\">Sadia, 18, is involved in a mysterious smuggling operation around her housing estate. One day, her boyfriend Arthur discovers her illegal activity and the network behind it. Now he has to make a choice...<\/span><\/span><\/span><\/h4>\n&nbsp;\n\n<span  style=\"color: #ffffff;\" class=\"\">\u2014<\/span>\n\n&nbsp;\n<p  class=\"\">Director : Nad\u00e8ge Herrygers\n<br ><br >Cast : Nell Geeraerd, Leo Moreau\n<br ><br >DOP : Nicolas Berteyac\n<br ><br >Music : Mike Ponton\n<br ><br >Distributor : Manifest\n<br ><br >Broadcast : Canal + (\u00ab On s\u2019adapte \u00bb Collection) \/ TV5 Monde\n<br ><br >\n\nFinancial partners : Canal +, Audiovisual Support Fund of the CNC, CO2 Logic, Proarti<\/p>\n<p  class=\"\">Festival selections : 64 national and international festivals, incl.:<\/p>\n<p  class=\"\">Clermont-Ferrand International Short Film Festival, 2022<br >Festival International du Film Francophone de Namur (FIFF) - Out of Competition (Belgium), 2022\n<br ><br >Prix : Prix du meilleur film (Concours Fiction pour demain) \u2013 Deauville Green Award \/ Prix de la Meilleure musique \u2013 Festival du Film Merveilleux &amp; Imaginaire \/&nbsp;We care award \u2013 Fabriano Film Fest (Italie) \/&nbsp;Best Environmental Short Film \u2013&nbsp;Villammare Festival \u2013 Film&amp;Friends (Italie) \/&nbsp;Best Short Film \u2013 Bio Film Festival (Italie)<\/p>\n\n<h5  class=\"\"><span  style=\"color: #000000;\">2021<\/span><\/h5>\n<\/div>\n<\/div>\n<\/div>\n<\/div><div  data-label=\"Cta\" data-id=\"cta-centered-bg-section\" data-category=\"cta\" class=\"cta-centered-bg-section white-text\" data-parallax-depth=\"20\" id=\"cta-1\" style=\"background-color: #f6f6f6; background-image: url('https:\/\/dunofilms.fr\/wp-content\/uploads\/2021\/02\/cropped-cropped-Affiche-Luciole-VF.png'); background-size: cover; background-position: center top;\" data-ovid=\"ovid-cta-1-2589\">\n<div  class=\"gridContainer\">\n<div  class=\"cta-centered-bg-section-row\">\n<div  class=\"cta-centered-bg-section-row-2\">\n<div  class=\"cta-centered-bg-section-col dynamic-color\" data-type=\"column\">\n<h3  class=\"cta-centered-bg-section-title\"><span  class=\"cta-centered-bg-section-title-bold\" href=\"#\">Firefly&nbsp;<\/span>by Lucie Pag\u00e8s<\/h3>\n<a class=\"button big transparent white-text\" href=\"https:\/\/dunofilms.fr\/en\/luciole\/\" target=\"_self\" data-icon=\"fa-arrow-right\" rel=\"noopener\"><span  class=\"button-icon fa fa-arrow-right\"><\/span> <\/a>\n\n<\/div>\n<\/div>\n<\/div>\n<\/div>\n<\/div>","protected":false},"excerpt":{"rendered":"<p>Sadia, 18 ans, se livre \u00e0 un myst\u00e9rieux trafic dans sa cit\u00e9. Un jour, Arthur, son copain, surprend son activit\u00e9 ill\u00e9gale et d\u00e9couvre le r\u00e9seau qui se cache derri\u00e8re. Il va devoir effectuer un choix\u2026 &nbsp; \u2014 &nbsp; Sc\u00e9nario et r\u00e9alisation : Nad\u00e8ge Herrygers Casting : Nell Geeraerd, Leo Moreau Image : Nicolas Berteyac Musique&hellip; <br \/> <a class=\"button small blue\" href=\"https:\/\/dunofilms.fr\/en\/de-plumes-et-de-plomb\/\">Read more<\/a><\/p>","protected":false},"author":1,"featured_media":0,"parent":0,"menu_order":0,"comment_status":"closed","ping_status":"closed","template":"full-width-page.php","meta":{"_crdt_document":"","footnotes":""},"class_list":["post-2417","page","type-page","status-publish","hentry"],"_links":{"self":[{"href":"https:\/\/dunofilms.fr\/en\/wp-json\/wp\/v2\/pages\/2417","targetHints":{"allow":["GET"]}}],"collection":[{"href":"https:\/\/dunofilms.fr\/en\/wp-json\/wp\/v2\/pages"}],"about":[{"href":"https:\/\/dunofilms.fr\/en\/wp-json\/wp\/v2\/types\/page"}],"author":[{"embeddable":true,"href":"https:\/\/dunofilms.fr\/en\/wp-json\/wp\/v2\/users\/1"}],"replies":[{"embeddable":true,"href":"https:\/\/dunofilms.fr\/en\/wp-json\/wp\/v2\/comments?post=2417"}],"version-history":[{"count":61,"href":"https:\/\/dunofilms.fr\/en\/wp-json\/wp\/v2\/pages\/2417\/revisions"}],"predecessor-version":[{"id":3849,"href":"https:\/\/dunofilms.fr\/en\/wp-json\/wp\/v2\/pages\/2417\/revisions\/3849"}],"wp:attachment":[{"href":"https:\/\/dunofilms.fr\/en\/wp-json\/wp\/v2\/media?parent=2417"}],"curies":[{"name":"wp","href":"https:\/\/api.w.org\/{rel}","templated":true}]}}