{"id":2136,"date":"2019-09-11T17:35:25","date_gmt":"2019-09-11T15:35:25","guid":{"rendered":"http:\/\/dunofilms.fr\/?page_id=2136"},"modified":"2022-09-01T12:41:22","modified_gmt":"2022-09-01T10:41:22","slug":"rapprocher-la-distance","status":"publish","type":"page","link":"https:\/\/dunofilms.fr\/en\/rapprocher-la-distance\/","title":{"rendered":"Bridging the Distance"},"content":{"rendered":"<div id=\"content-1\" class=\"content-left-image-section content-image-left-1\" style=\"background-color: #ffffff; background-image: none;\" data-label=\"Content\" data-id=\"content-image-left-1\" data-category=\"content\" data-ovid=\"ovid-content-1-1185\">\r\n<div class=\"gridContainer\">\r\n<div class=\"row\">\r\n<div class=\"content-left-image-imgcol\" data-type=\"column\"><img decoding=\"async\" class=\"alignleft\" src=\"http:\/\/dunofilms.fr\/wp-content\/uploads\/2021\/02\/RLD_FICHIER_FINALoptimise.jpg\" \/><\/div>\r\n<div class=\"content-left-image-textcol dynamic-color\" data-type=\"column\">\r\n<h4 class=\"\" style=\"text-align: center;\">From the top of the hill, Sylvain admires the village below. He moves closer, in front of a house. He gets closer. And it's at the market that he finds them. Sylvain watches Nina and Delphine from a distance.<\/h4>\r\n<p style=\"text-align: center;\" class=\"\">Director : Antoine Cuevas<\/p>\r\n<p class=\"\" style=\"text-align: center;\">Coproduction : Les Films de l\u2019Imprudence<\/p>\r\n<p class=\"\" style=\"text-align: center;\">Cast : Thibault Lacroix, Marie Kauffmann, Lise Veauvy<\/p>\r\n<p class=\"\" style=\"text-align: center;\">DOP : Julia Mingo<\/p>\r\n<p class=\"\" style=\"text-align: center;\">Distributor : Manifest<\/p>\r\n<p class=\"\" style=\"text-align: center;\">Financial partners : Auvergne - Rh\u00f4ne - Alpes Region, Festivals grant - Grenoble Festival, Adami, Procirep-Angoa<\/p>\r\n<p class=\"\" style=\"text-align: center;\">Festival selections : <span style=\"font-weight: 300;\"><span style=\"color: #000000;\">Clermont-Ferrand International Short Film Festival<\/span> - Films in Auvergne-Rh\u00f4ne-Alpes Region<\/span><\/p>\r\n\r\n<h5 class=\"\" style=\"text-align: center;\">2020<\/h5>\r\n<\/div>\r\n<\/div>\r\n<\/div>\r\n<\/div>\r\n<div data-label=\"Cta\" data-id=\"cta-centered-bg-section\" data-category=\"cta\" class=\"cta-centered-bg-section white-text\" data-parallax-depth=\"20\" id=\"cta-1\" style=\"background-color: #f6f6f6; background-image: url('http:\/\/dunofilms.fr\/wp-content\/uploads\/2019\/09\/cropped-affiche_les_poux_min.png'); background-size: cover; background-position: center top;\" data-ovid=\"ovid-cta-1-174\">\r\n<div class=\"gridContainer\">\r\n<div class=\"cta-centered-bg-section-row\">\r\n<div class=\"cta-centered-bg-section-row-2\">\r\n<div class=\"cta-centered-bg-section-col dynamic-color\" data-type=\"column\">\r\n<h3 class=\"cta-centered-bg-section-title\"><span class=\"cta-centered-bg-section-title-bold\" href=\"#\">Lices\u00a0<\/span>by Marc Lahore<\/h3>\r\n<a class=\"button big transparent white-text\" href=\"https:\/\/dunofilms.fr\/en\/les-poux\/\" target=\"_self\" data-icon=\"fa-arrow-right\" rel=\"noopener\"><span class=\"button-icon fa fa-arrow-right\"><\/span> <\/a>\r\n\r\n<\/div>\r\n<\/div>\r\n<\/div>\r\n<\/div>\r\n<\/div>","protected":false},"excerpt":{"rendered":"<p>Du haut de la colline, Sylvain contemple le village \u00e0 ses pieds. Il se rapproche, se rend devant une maison. Il se rapproche encore. Et c\u2019est au march\u00e9 qu\u2019il les retrouve. Sylvain regarde Nina et Delphine, \u00e0 distance. Sc\u00e9nario et r\u00e9alisation : Antoine Cuevas Coproduction : Les Films de l\u2019Imprudence Casting : Thibault Lacroix, Marie&hellip; <br \/> <a class=\"button small blue\" href=\"https:\/\/dunofilms.fr\/en\/de-plumes-et-de-plomb\/\">Read more<\/a><\/p>","protected":false},"author":1,"featured_media":0,"parent":0,"menu_order":0,"comment_status":"closed","ping_status":"closed","template":"full-width-page.php","meta":{"_crdt_document":"","footnotes":""},"class_list":["post-2136","page","type-page","status-publish","hentry"],"_links":{"self":[{"href":"https:\/\/dunofilms.fr\/en\/wp-json\/wp\/v2\/pages\/2136","targetHints":{"allow":["GET"]}}],"collection":[{"href":"https:\/\/dunofilms.fr\/en\/wp-json\/wp\/v2\/pages"}],"about":[{"href":"https:\/\/dunofilms.fr\/en\/wp-json\/wp\/v2\/types\/page"}],"author":[{"embeddable":true,"href":"https:\/\/dunofilms.fr\/en\/wp-json\/wp\/v2\/users\/1"}],"replies":[{"embeddable":true,"href":"https:\/\/dunofilms.fr\/en\/wp-json\/wp\/v2\/comments?post=2136"}],"version-history":[{"count":37,"href":"https:\/\/dunofilms.fr\/en\/wp-json\/wp\/v2\/pages\/2136\/revisions"}],"predecessor-version":[{"id":3211,"href":"https:\/\/dunofilms.fr\/en\/wp-json\/wp\/v2\/pages\/2136\/revisions\/3211"}],"wp:attachment":[{"href":"https:\/\/dunofilms.fr\/en\/wp-json\/wp\/v2\/media?parent=2136"}],"curies":[{"name":"wp","href":"https:\/\/api.w.org\/{rel}","templated":true}]}}